{"id":9273,"date":"2024-03-01T20:19:04","date_gmt":"2024-03-01T20:19:04","guid":{"rendered":"https:\/\/rent4event.si\/?post_type=product&#038;p=9273"},"modified":"2024-03-07T13:02:43","modified_gmt":"2024-03-07T13:02:43","slug":"zlozljiv-lezalnik-relax-rjavo-siv","status":"publish","type":"product","link":"https:\/\/rent4event.si\/en\/najem\/fotelji\/zlozljiv-lezalnik-relax-rjavo-siv\/","title":{"rendered":"Zlo\u017eljiv le\u017ealnik RELAX (rjavo siv)"},"content":{"rendered":"<p>Priro\u010den zlo\u017eljiv le\u017ealnik je popolna izbira za dodatno udobje na va\u0161ih poletnih zabavah in dogodkih. S sposojo tega le\u017ealnika va\u0161im gostom ponudite prilo\u017enost, da se sprostijo in u\u017eivajo ob son\u010dnih \u017earkih ali senco pod drevesi. Enostavno zlo\u017eljiv mehanizem omogo\u010da hitro postavitev in shranjevanje, kar je idealno za dinami\u010dne dogodke. Poleg tega je njegova trpe\u017ena konstrukcija primerna za razli\u010dne povr\u0161ine, medtem ko prilagodljiv nagib zagotavlja udobje po meri. Naj bo va\u0161a zabava nepozabna in udobna za vse goste s tem prakti\u010dnim in elegantnim le\u017ealnikom.<\/p>","protected":false},"excerpt":{"rendered":"<p>Priro\u010den zlo\u017eljiv le\u017ealnik je popolna izbira za dodatno udobje na va\u0161ih poletnih zabavah in dogodkih. S sposojo tega le\u017ealnika va\u0161im gostom ponudite prilo\u017enost, da se sprostijo in u\u017eivajo ob son\u010dnih&hellip; <a class=\"read-more-link\" href=\"https:\/\/rent4event.si\/en\/najem\/fotelji\/zlozljiv-lezalnik-relax-rjavo-siv\/\">Preberi ve\u010d<\/a><\/p>","protected":false},"featured_media":9274,"comment_status":"closed","ping_status":"closed","template":"","meta":{"_monsterinsights_skip_tracking":false,"_monsterinsights_sitenote_active":false,"_monsterinsights_sitenote_note":"","_monsterinsights_sitenote_category":0},"product_brand":[],"product_cat":[37,322],"product_tag":[552,594,638,652,653],"class_list":{"0":"post-9273","1":"product","2":"type-product","3":"status-publish","4":"has-post-thumbnail","6":"product_cat-fotelji","7":"product_cat-vse","8":"product_tag-lezalnik","9":"product_tag-lounger","10":"product_tag-poletje","11":"product_tag-sprostitev","12":"product_tag-zunanje","14":"first","15":"instock","16":"shipping-taxable","17":"purchasable","18":"product-type-simple"},"_links":{"self":[{"href":"https:\/\/rent4event.si\/en\/wp-json\/wp\/v2\/product\/9273","targetHints":{"allow":["GET"]}}],"collection":[{"href":"https:\/\/rent4event.si\/en\/wp-json\/wp\/v2\/product"}],"about":[{"href":"https:\/\/rent4event.si\/en\/wp-json\/wp\/v2\/types\/product"}],"replies":[{"embeddable":true,"href":"https:\/\/rent4event.si\/en\/wp-json\/wp\/v2\/comments?post=9273"}],"version-history":[{"count":1,"href":"https:\/\/rent4event.si\/en\/wp-json\/wp\/v2\/product\/9273\/revisions"}],"predecessor-version":[{"id":9277,"href":"https:\/\/rent4event.si\/en\/wp-json\/wp\/v2\/product\/9273\/revisions\/9277"}],"wp:featuredmedia":[{"embeddable":true,"href":"https:\/\/rent4event.si\/en\/wp-json\/wp\/v2\/media\/9274"}],"wp:attachment":[{"href":"https:\/\/rent4event.si\/en\/wp-json\/wp\/v2\/media?parent=9273"}],"wp:term":[{"taxonomy":"product_brand","embeddable":true,"href":"https:\/\/rent4event.si\/en\/wp-json\/wp\/v2\/product_brand?post=9273"},{"taxonomy":"product_cat","embeddable":true,"href":"https:\/\/rent4event.si\/en\/wp-json\/wp\/v2\/product_cat?post=9273"},{"taxonomy":"product_tag","embeddable":true,"href":"https:\/\/rent4event.si\/en\/wp-json\/wp\/v2\/product_tag?post=9273"}],"curies":[{"name":"wp","href":"https:\/\/api.w.org\/{rel}","templated":true}]}}