{"id":9172,"date":"2024-02-28T20:08:31","date_gmt":"2024-02-28T20:08:31","guid":{"rendered":"https:\/\/rent4event.si\/?post_type=product&#038;p=9172"},"modified":"2024-04-25T09:25:55","modified_gmt":"2024-04-25T09:25:55","slug":"paviljon-gazebo-4x4-m","status":"publish","type":"product","link":"https:\/\/rent4event.si\/en\/najem\/ostalo\/paviljon-gazebo-4x4-m\/","title":{"rendered":"Paviljon VITABRI (3&#215;3 m)"},"content":{"rendered":"<p>Popolna re\u0161itev za va\u0161e zunanje zabave in prireditve! Na voljo za enostavno postavitev in najem, na\u0161 bel paviljon dimenzije 4&#215;4 je idealen za razli\u010dne prilo\u017enosti na prostem. Zagotavlja eleganten in udoben prostor za dru\u017eenje, zabavo ter za\u0161\u010dito pred soncem ali de\u017ejem. Najemite ga za piknike, poroke, rojstnodnevne zabave in druge dogodke ter ustvarite nepozabne trenutke v naravi.<\/p>","protected":false},"excerpt":{"rendered":"<p>Popolna re\u0161itev za va\u0161e zunanje zabave in prireditve! Na voljo za enostavno postavitev in najem, na\u0161 bel paviljon dimenzije 4&#215;4 je idealen za razli\u010dne prilo\u017enosti na prostem. Zagotavlja eleganten in&hellip; <a class=\"read-more-link\" href=\"https:\/\/rent4event.si\/en\/najem\/ostalo\/paviljon-gazebo-4x4-m\/\">Preberi ve\u010d<\/a><\/p>","protected":false},"featured_media":9173,"comment_status":"closed","ping_status":"closed","template":"","meta":{"_monsterinsights_skip_tracking":false,"_monsterinsights_sitenote_active":false,"_monsterinsights_sitenote_note":"","_monsterinsights_sitenote_category":0},"product_brand":[],"product_cat":[15,322],"product_tag":[649,648,647],"class_list":{"0":"post-9172","1":"product","2":"type-product","3":"status-publish","4":"has-post-thumbnail","6":"product_cat-ostalo","7":"product_cat-vse","8":"product_tag-arafat","9":"product_tag-gazebo","10":"product_tag-paviljon","12":"first","13":"instock","14":"shipping-taxable","15":"purchasable","16":"product-type-simple"},"_links":{"self":[{"href":"https:\/\/rent4event.si\/en\/wp-json\/wp\/v2\/product\/9172","targetHints":{"allow":["GET"]}}],"collection":[{"href":"https:\/\/rent4event.si\/en\/wp-json\/wp\/v2\/product"}],"about":[{"href":"https:\/\/rent4event.si\/en\/wp-json\/wp\/v2\/types\/product"}],"replies":[{"embeddable":true,"href":"https:\/\/rent4event.si\/en\/wp-json\/wp\/v2\/comments?post=9172"}],"version-history":[{"count":4,"href":"https:\/\/rent4event.si\/en\/wp-json\/wp\/v2\/product\/9172\/revisions"}],"predecessor-version":[{"id":10092,"href":"https:\/\/rent4event.si\/en\/wp-json\/wp\/v2\/product\/9172\/revisions\/10092"}],"wp:featuredmedia":[{"embeddable":true,"href":"https:\/\/rent4event.si\/en\/wp-json\/wp\/v2\/media\/9173"}],"wp:attachment":[{"href":"https:\/\/rent4event.si\/en\/wp-json\/wp\/v2\/media?parent=9172"}],"wp:term":[{"taxonomy":"product_brand","embeddable":true,"href":"https:\/\/rent4event.si\/en\/wp-json\/wp\/v2\/product_brand?post=9172"},{"taxonomy":"product_cat","embeddable":true,"href":"https:\/\/rent4event.si\/en\/wp-json\/wp\/v2\/product_cat?post=9172"},{"taxonomy":"product_tag","embeddable":true,"href":"https:\/\/rent4event.si\/en\/wp-json\/wp\/v2\/product_tag?post=9172"}],"curies":[{"name":"wp","href":"https:\/\/api.w.org\/{rel}","templated":true}]}}