{"id":9105,"date":"2024-02-28T07:58:02","date_gmt":"2024-02-28T07:58:02","guid":{"rendered":"https:\/\/rent4event.si\/?post_type=product&#038;p=9105"},"modified":"2024-03-07T13:04:14","modified_gmt":"2024-03-07T13:04:14","slug":"zelena-stena-umetno-zelenje","status":"publish","type":"product","link":"https:\/\/rent4event.si\/en\/najem\/vse\/zelena-stena-umetno-zelenje\/","title":{"rendered":"Zelena stena &#8211; umetno zelenje"},"content":{"rendered":"<p>Po\u017eivite ambient svojega dogodka z zeleno steno. Umetno zelenje ima pristen izgled in je enostavno za monta\u017eo. Iz panelov se lahko sestavi poljubna oblika in dimenzija zelene stene. Mo\u017enost lastnega prevzema in monta\u017ee.<\/p>","protected":false},"excerpt":{"rendered":"<p>Po\u017eivite ambient svojega dogodka z zeleno steno. Umetno zelenje ima pristen izgled in je enostavno za monta\u017eo. Iz panelov se lahko sestavi poljubna oblika in dimenzija zelene stene. Mo\u017enost lastnega&hellip; <a class=\"read-more-link\" href=\"https:\/\/rent4event.si\/en\/najem\/vse\/zelena-stena-umetno-zelenje\/\">Preberi ve\u010d<\/a><\/p>","protected":false},"featured_media":9106,"comment_status":"closed","ping_status":"closed","template":"","meta":{"_monsterinsights_skip_tracking":false,"_monsterinsights_sitenote_active":false,"_monsterinsights_sitenote_note":"","_monsterinsights_sitenote_category":0},"product_brand":[],"product_cat":[473,366,322],"product_tag":[641,642,640,639],"class_list":{"0":"post-9105","1":"product","2":"type-product","3":"status-publish","4":"has-post-thumbnail","6":"product_cat-dekoracija","7":"product_cat-umetne-rastline","8":"product_cat-vse","9":"product_tag-dekorativna-zelena-stena","10":"product_tag-rastlinje","11":"product_tag-rastlinje-stena","12":"product_tag-zelena-stena","14":"first","15":"instock","16":"shipping-taxable","17":"purchasable","18":"product-type-simple"},"_links":{"self":[{"href":"https:\/\/rent4event.si\/en\/wp-json\/wp\/v2\/product\/9105","targetHints":{"allow":["GET"]}}],"collection":[{"href":"https:\/\/rent4event.si\/en\/wp-json\/wp\/v2\/product"}],"about":[{"href":"https:\/\/rent4event.si\/en\/wp-json\/wp\/v2\/types\/product"}],"replies":[{"embeddable":true,"href":"https:\/\/rent4event.si\/en\/wp-json\/wp\/v2\/comments?post=9105"}],"version-history":[{"count":1,"href":"https:\/\/rent4event.si\/en\/wp-json\/wp\/v2\/product\/9105\/revisions"}],"predecessor-version":[{"id":9110,"href":"https:\/\/rent4event.si\/en\/wp-json\/wp\/v2\/product\/9105\/revisions\/9110"}],"wp:featuredmedia":[{"embeddable":true,"href":"https:\/\/rent4event.si\/en\/wp-json\/wp\/v2\/media\/9106"}],"wp:attachment":[{"href":"https:\/\/rent4event.si\/en\/wp-json\/wp\/v2\/media?parent=9105"}],"wp:term":[{"taxonomy":"product_brand","embeddable":true,"href":"https:\/\/rent4event.si\/en\/wp-json\/wp\/v2\/product_brand?post=9105"},{"taxonomy":"product_cat","embeddable":true,"href":"https:\/\/rent4event.si\/en\/wp-json\/wp\/v2\/product_cat?post=9105"},{"taxonomy":"product_tag","embeddable":true,"href":"https:\/\/rent4event.si\/en\/wp-json\/wp\/v2\/product_tag?post=9105"}],"curies":[{"name":"wp","href":"https:\/\/api.w.org\/{rel}","templated":true}]}}