{"id":9049,"date":"2024-02-27T13:07:16","date_gmt":"2024-02-27T13:07:16","guid":{"rendered":"https:\/\/rent4event.si\/?post_type=product&#038;p=9049"},"modified":"2024-03-07T13:05:00","modified_gmt":"2024-03-07T13:05:00","slug":"usmerjevalni-stebricki","status":"publish","type":"product","link":"https:\/\/rent4event.si\/en\/najem\/ostalo\/usmerjevalni-stebricki\/","title":{"rendered":"Usmerjevalni stebri\u010dki"},"content":{"rendered":"<p>Usmerjevalni stebri\u010dki\u00a0 na zabavah in dogodkih so priro\u010dni pripomo\u010dki, ki omogo\u010dajo enostavno organizacijo prostora in usmerjanje gostov. Na voljo so v razli\u010dnih slogih, vklju\u010dno z elegantnimi modeli iz nerjave\u010dega jekla ali elegantnimi barvnimi mo\u017enostmi, ki se prilagajajo temi dogodka. Ti stebri\u010dki lahko vklju\u010dujejo trakove ali vrvi za ozna\u010devanje obmo\u010dij, lo\u010devanje prostora ali ustvarjanje vrst. Njihova prenosljivost in preprosta namestitev omogo\u010data hitro prilagajanje prostora glede na potrebe dogodka. Idealni so za poroke, zabave, razstave ali druge dru\u017eabne dogodke, kjer je potrebno organizirati smer poti ali ozna\u010diti posebna obmo\u010dja.<\/p>","protected":false},"excerpt":{"rendered":"<p>Usmerjevalni stebri\u010dki\u00a0 na zabavah in dogodkih so priro\u010dni pripomo\u010dki, ki omogo\u010dajo enostavno organizacijo prostora in usmerjanje gostov. Na voljo so v razli\u010dnih slogih, vklju\u010dno z elegantnimi modeli iz nerjave\u010dega jekla&hellip; <a class=\"read-more-link\" href=\"https:\/\/rent4event.si\/en\/najem\/ostalo\/usmerjevalni-stebricki\/\">Preberi ve\u010d<\/a><\/p>","protected":false},"featured_media":9051,"comment_status":"closed","ping_status":"closed","template":"","meta":{"_monsterinsights_skip_tracking":false,"_monsterinsights_sitenote_active":false,"_monsterinsights_sitenote_note":"","_monsterinsights_sitenote_category":0},"product_brand":[],"product_cat":[15,491,322],"product_tag":[632,633,631,630],"class_list":{"0":"post-9049","1":"product","2":"type-product","3":"status-publish","4":"has-post-thumbnail","6":"product_cat-ostalo","7":"product_cat-sanki-pulti","8":"product_cat-vse","9":"product_tag-ograditev","10":"product_tag-ograja","11":"product_tag-usmerjevalni-kolicki","12":"product_tag-usmerjevalni-stebricki","14":"first","15":"instock","16":"shipping-taxable","17":"purchasable","18":"product-type-simple"},"_links":{"self":[{"href":"https:\/\/rent4event.si\/en\/wp-json\/wp\/v2\/product\/9049","targetHints":{"allow":["GET"]}}],"collection":[{"href":"https:\/\/rent4event.si\/en\/wp-json\/wp\/v2\/product"}],"about":[{"href":"https:\/\/rent4event.si\/en\/wp-json\/wp\/v2\/types\/product"}],"replies":[{"embeddable":true,"href":"https:\/\/rent4event.si\/en\/wp-json\/wp\/v2\/comments?post=9049"}],"version-history":[{"count":1,"href":"https:\/\/rent4event.si\/en\/wp-json\/wp\/v2\/product\/9049\/revisions"}],"predecessor-version":[{"id":9050,"href":"https:\/\/rent4event.si\/en\/wp-json\/wp\/v2\/product\/9049\/revisions\/9050"}],"wp:featuredmedia":[{"embeddable":true,"href":"https:\/\/rent4event.si\/en\/wp-json\/wp\/v2\/media\/9051"}],"wp:attachment":[{"href":"https:\/\/rent4event.si\/en\/wp-json\/wp\/v2\/media?parent=9049"}],"wp:term":[{"taxonomy":"product_brand","embeddable":true,"href":"https:\/\/rent4event.si\/en\/wp-json\/wp\/v2\/product_brand?post=9049"},{"taxonomy":"product_cat","embeddable":true,"href":"https:\/\/rent4event.si\/en\/wp-json\/wp\/v2\/product_cat?post=9049"},{"taxonomy":"product_tag","embeddable":true,"href":"https:\/\/rent4event.si\/en\/wp-json\/wp\/v2\/product_tag?post=9049"}],"curies":[{"name":"wp","href":"https:\/\/api.w.org\/{rel}","templated":true}]}}