{"id":8820,"date":"2024-02-24T21:09:22","date_gmt":"2024-02-24T21:09:22","guid":{"rendered":"https:\/\/rent4event.si\/?post_type=product&#038;p=8820"},"modified":"2024-02-26T09:32:08","modified_gmt":"2024-02-26T09:32:08","slug":"miza-design","status":"publish","type":"product","link":"https:\/\/rent4event.si\/en\/najem\/mize\/miza-design\/","title":{"rendered":"Miza DESIGN"},"content":{"rendered":"<p>Za najem imamo dizajnersko okroglo mizo, ki je primerna za razli\u010dne prireditve in dogodke. Ta eleganten kos pohi\u0161tva bo dodal prefinjenost va\u0161emu prostoru in zagotovil prakti\u010dno povr\u0161ino za razli\u010dne namene. Ne glede na to, ali gre za formalno prilo\u017enost ali spro\u0161\u010deno zabavo, bo ta miza pritegnila pozornost in ustvarila prijetno vzdu\u0161je.<\/p>","protected":false},"excerpt":{"rendered":"<p>Za najem imamo dizajnersko okroglo mizo, ki je primerna za razli\u010dne prireditve in dogodke. Ta eleganten kos pohi\u0161tva bo dodal prefinjenost va\u0161emu prostoru in zagotovil prakti\u010dno povr\u0161ino za razli\u010dne namene.&hellip; <a class=\"read-more-link\" href=\"https:\/\/rent4event.si\/en\/najem\/mize\/miza-design\/\">Preberi ve\u010d<\/a><\/p>","protected":false},"featured_media":8821,"comment_status":"closed","ping_status":"closed","template":"","meta":{"_monsterinsights_skip_tracking":false,"_monsterinsights_sitenote_active":false,"_monsterinsights_sitenote_note":"","_monsterinsights_sitenote_category":0},"product_brand":[],"product_cat":[145,146,117,322],"product_tag":[616,302,237],"class_list":{"0":"post-8820","1":"product","2":"type-product","3":"status-publish","4":"has-post-thumbnail","6":"product_cat-elegantenq","7":"product_cat-minimalisticen","8":"product_cat-mize","9":"product_cat-vse","10":"product_tag-dizajnrska-miza","11":"product_tag-minimalisticna-miza","12":"product_tag-okrogla-miza","14":"first","15":"instock","16":"shipping-taxable","17":"purchasable","18":"product-type-simple"},"_links":{"self":[{"href":"https:\/\/rent4event.si\/en\/wp-json\/wp\/v2\/product\/8820","targetHints":{"allow":["GET"]}}],"collection":[{"href":"https:\/\/rent4event.si\/en\/wp-json\/wp\/v2\/product"}],"about":[{"href":"https:\/\/rent4event.si\/en\/wp-json\/wp\/v2\/types\/product"}],"replies":[{"embeddable":true,"href":"https:\/\/rent4event.si\/en\/wp-json\/wp\/v2\/comments?post=8820"}],"version-history":[{"count":1,"href":"https:\/\/rent4event.si\/en\/wp-json\/wp\/v2\/product\/8820\/revisions"}],"predecessor-version":[{"id":8822,"href":"https:\/\/rent4event.si\/en\/wp-json\/wp\/v2\/product\/8820\/revisions\/8822"}],"wp:featuredmedia":[{"embeddable":true,"href":"https:\/\/rent4event.si\/en\/wp-json\/wp\/v2\/media\/8821"}],"wp:attachment":[{"href":"https:\/\/rent4event.si\/en\/wp-json\/wp\/v2\/media?parent=8820"}],"wp:term":[{"taxonomy":"product_brand","embeddable":true,"href":"https:\/\/rent4event.si\/en\/wp-json\/wp\/v2\/product_brand?post=8820"},{"taxonomy":"product_cat","embeddable":true,"href":"https:\/\/rent4event.si\/en\/wp-json\/wp\/v2\/product_cat?post=8820"},{"taxonomy":"product_tag","embeddable":true,"href":"https:\/\/rent4event.si\/en\/wp-json\/wp\/v2\/product_tag?post=8820"}],"curies":[{"name":"wp","href":"https:\/\/api.w.org\/{rel}","templated":true}]}}