{"id":8814,"date":"2024-02-24T20:40:29","date_gmt":"2024-02-24T20:40:29","guid":{"rendered":"https:\/\/rent4event.si\/?post_type=product&#038;p=8814"},"modified":"2024-03-09T20:32:13","modified_gmt":"2024-03-09T20:32:13","slug":"okrogla-klubska-miza-s-pladnjem","status":"publish","type":"product","link":"https:\/\/rent4event.si\/en\/najem\/mize\/okrogla-klubska-miza-s-pladnjem\/","title":{"rendered":"Okrogla klubska miza s pladnjem (\u010drna)"},"content":{"rendered":"<p>Za razli\u010dne dogodke in prakti\u010dnost je tu okrogla klubska miza s pladnjem, pribli\u017eno 45 cm premera. Ta eleganten kos pohi\u0161tva je idealen dodatek za razli\u010dne prilo\u017enosti, ki zahtevajo prefinjenost in funkcionalnost. Z lahkoto jo postavite in uporabite kot prakti\u010dno odlo\u017ei\u0161\u010de za pija\u010de, prigrizke ali dekorativne dodatke na va\u0161em naslednjem dogodku.<\/p>","protected":false},"excerpt":{"rendered":"<p>Za razli\u010dne dogodke in prakti\u010dnost je tu okrogla klubska miza s pladnjem, pribli\u017eno 45 cm premera. Ta eleganten kos pohi\u0161tva je idealen dodatek za razli\u010dne prilo\u017enosti, ki zahtevajo prefinjenost in&hellip; <a class=\"read-more-link\" href=\"https:\/\/rent4event.si\/en\/najem\/mize\/okrogla-klubska-miza-s-pladnjem\/\">Preberi ve\u010d<\/a><\/p>","protected":false},"featured_media":8815,"comment_status":"closed","ping_status":"closed","template":"","meta":{"_monsterinsights_skip_tracking":false,"_monsterinsights_sitenote_active":false,"_monsterinsights_sitenote_note":"","_monsterinsights_sitenote_category":0},"product_brand":[],"product_cat":[145,117,322],"product_tag":[235,361,614,615],"class_list":{"0":"post-8814","1":"product","2":"type-product","3":"status-publish","4":"has-post-thumbnail","6":"product_cat-elegantenq","7":"product_cat-mize","8":"product_cat-vse","9":"product_tag-miza","10":"product_tag-odlozisce","11":"product_tag-pladenj","12":"product_tag-pomozna-miza","14":"first","15":"instock","16":"shipping-taxable","17":"purchasable","18":"product-type-simple"},"_links":{"self":[{"href":"https:\/\/rent4event.si\/en\/wp-json\/wp\/v2\/product\/8814","targetHints":{"allow":["GET"]}}],"collection":[{"href":"https:\/\/rent4event.si\/en\/wp-json\/wp\/v2\/product"}],"about":[{"href":"https:\/\/rent4event.si\/en\/wp-json\/wp\/v2\/types\/product"}],"replies":[{"embeddable":true,"href":"https:\/\/rent4event.si\/en\/wp-json\/wp\/v2\/comments?post=8814"}],"version-history":[{"count":2,"href":"https:\/\/rent4event.si\/en\/wp-json\/wp\/v2\/product\/8814\/revisions"}],"predecessor-version":[{"id":9746,"href":"https:\/\/rent4event.si\/en\/wp-json\/wp\/v2\/product\/8814\/revisions\/9746"}],"wp:featuredmedia":[{"embeddable":true,"href":"https:\/\/rent4event.si\/en\/wp-json\/wp\/v2\/media\/8815"}],"wp:attachment":[{"href":"https:\/\/rent4event.si\/en\/wp-json\/wp\/v2\/media?parent=8814"}],"wp:term":[{"taxonomy":"product_brand","embeddable":true,"href":"https:\/\/rent4event.si\/en\/wp-json\/wp\/v2\/product_brand?post=8814"},{"taxonomy":"product_cat","embeddable":true,"href":"https:\/\/rent4event.si\/en\/wp-json\/wp\/v2\/product_cat?post=8814"},{"taxonomy":"product_tag","embeddable":true,"href":"https:\/\/rent4event.si\/en\/wp-json\/wp\/v2\/product_tag?post=8814"}],"curies":[{"name":"wp","href":"https:\/\/api.w.org\/{rel}","templated":true}]}}