{"id":8796,"date":"2024-02-24T19:29:41","date_gmt":"2024-02-24T19:29:41","guid":{"rendered":"https:\/\/rent4event.si\/?post_type=product&#038;p=8796"},"modified":"2024-03-09T20:27:34","modified_gmt":"2024-03-09T20:27:34","slug":"klubska-mizica-simple-temno-rjava","status":"publish","type":"product","link":"https:\/\/rent4event.si\/en\/najem\/mize\/klubska-mizica-simple-temno-rjava\/","title":{"rendered":"Klubska mizica SIMPLE (\u010drna)"},"content":{"rendered":"<p>Lahka in enostavna pomo\u017ena mizica za najem. Idealna za klubske dogodke in prireditve. Preprosto jo postavite in uporabljate kot dodatno povr\u0161ino za pija\u010de, prigrizke ali dekoracijo. Priro\u010dna in funkcionalna re\u0161itev za vsako prilo\u017enost.<\/p>","protected":false},"excerpt":{"rendered":"<p>Lahka in enostavna pomo\u017ena mizica za najem. Idealna za klubske dogodke in prireditve. Preprosto jo postavite in uporabljate kot dodatno povr\u0161ino za pija\u010de, prigrizke ali dekoracijo. Priro\u010dna in funkcionalna re\u0161itev&hellip; <a class=\"read-more-link\" href=\"https:\/\/rent4event.si\/en\/najem\/mize\/klubska-mizica-simple-temno-rjava\/\">Preberi ve\u010d<\/a><\/p>","protected":false},"featured_media":8797,"comment_status":"closed","ping_status":"closed","template":"","meta":{"_monsterinsights_skip_tracking":false,"_monsterinsights_sitenote_active":false,"_monsterinsights_sitenote_note":"","_monsterinsights_sitenote_category":0},"product_brand":[],"product_cat":[145,146,117,322],"product_tag":[610,234,611,360],"class_list":{"0":"post-8796","1":"product","2":"type-product","3":"status-publish","4":"has-post-thumbnail","6":"product_cat-elegantenq","7":"product_cat-minimalisticen","8":"product_cat-mize","9":"product_cat-vse","10":"product_tag-kvadratna-mizica","11":"product_tag-nizka-mizica","12":"product_tag-odlagalisce","13":"product_tag-pomozna-mizica","15":"first","16":"instock","17":"shipping-taxable","18":"purchasable","19":"product-type-simple"},"_links":{"self":[{"href":"https:\/\/rent4event.si\/en\/wp-json\/wp\/v2\/product\/8796","targetHints":{"allow":["GET"]}}],"collection":[{"href":"https:\/\/rent4event.si\/en\/wp-json\/wp\/v2\/product"}],"about":[{"href":"https:\/\/rent4event.si\/en\/wp-json\/wp\/v2\/types\/product"}],"replies":[{"embeddable":true,"href":"https:\/\/rent4event.si\/en\/wp-json\/wp\/v2\/comments?post=8796"}],"version-history":[{"count":2,"href":"https:\/\/rent4event.si\/en\/wp-json\/wp\/v2\/product\/8796\/revisions"}],"predecessor-version":[{"id":9755,"href":"https:\/\/rent4event.si\/en\/wp-json\/wp\/v2\/product\/8796\/revisions\/9755"}],"wp:featuredmedia":[{"embeddable":true,"href":"https:\/\/rent4event.si\/en\/wp-json\/wp\/v2\/media\/8797"}],"wp:attachment":[{"href":"https:\/\/rent4event.si\/en\/wp-json\/wp\/v2\/media?parent=8796"}],"wp:term":[{"taxonomy":"product_brand","embeddable":true,"href":"https:\/\/rent4event.si\/en\/wp-json\/wp\/v2\/product_brand?post=8796"},{"taxonomy":"product_cat","embeddable":true,"href":"https:\/\/rent4event.si\/en\/wp-json\/wp\/v2\/product_cat?post=8796"},{"taxonomy":"product_tag","embeddable":true,"href":"https:\/\/rent4event.si\/en\/wp-json\/wp\/v2\/product_tag?post=8796"}],"curies":[{"name":"wp","href":"https:\/\/api.w.org\/{rel}","templated":true}]}}