{"id":8714,"date":"2024-02-23T20:28:55","date_gmt":"2024-02-23T20:28:55","guid":{"rendered":"https:\/\/rent4event.si\/?post_type=product&#038;p=8714"},"modified":"2025-03-13T09:20:01","modified_gmt":"2025-03-13T09:20:01","slug":"barska-pravokotna-miza-quadro-antracit","status":"publish","type":"product","link":"https:\/\/rent4event.si\/en\/najem\/minimalisticen\/barska-pravokotna-miza-quadro-antracit\/","title":{"rendered":"Barska pravokotna miza QUADRO (antracit)"},"content":{"rendered":"<p>Quadro pravokotna barska visoka miza je sinonim za minimalisti\u010den dizajn in vsestranskost. S svojo elegantno pravokotno obliko in visoko kakovostjo izdelave je primerna za vse vrste dogodkov, od poslovnih sre\u010danj do dru\u017eabnih ve\u010derov. Njena prefinjena estetika se odli\u010dno prilagaja razli\u010dnim okoljem, hkrati pa zagotavlja udobje in funkcionalnost. Ta visoka miza je popolna izbira za tiste, ki cenijo preprostost in eleganco v svojem prostoru.<\/p>","protected":false},"excerpt":{"rendered":"<p>Quadro pravokotna barska visoka miza je sinonim za minimalisti\u010den dizajn in vsestranskost. S svojo elegantno pravokotno obliko in visoko kakovostjo izdelave je primerna za vse vrste dogodkov, od poslovnih sre\u010danj&hellip; <a class=\"read-more-link\" href=\"https:\/\/rent4event.si\/en\/najem\/minimalisticen\/barska-pravokotna-miza-quadro-antracit\/\">Preberi ve\u010d<\/a><\/p>","protected":false},"featured_media":8793,"comment_status":"closed","ping_status":"closed","template":"","meta":{"_monsterinsights_skip_tracking":false,"_monsterinsights_sitenote_active":false,"_monsterinsights_sitenote_note":"","_monsterinsights_sitenote_category":0},"product_brand":[],"product_cat":[599,146,629,322],"product_tag":[236,602,603,305],"class_list":{"0":"post-8714","1":"product","2":"type-product","3":"status-publish","4":"has-post-thumbnail","6":"product_cat-barske-mize","7":"product_cat-minimalisticen","8":"product_cat-porsche-prireditev","9":"product_cat-vse","10":"product_tag-barska-miza","11":"product_tag-dolga-barska-miza","12":"product_tag-pravokotna-miza","13":"product_tag-visoka-miza","15":"first","16":"instock","17":"shipping-taxable","18":"purchasable","19":"product-type-simple"},"_links":{"self":[{"href":"https:\/\/rent4event.si\/en\/wp-json\/wp\/v2\/product\/8714","targetHints":{"allow":["GET"]}}],"collection":[{"href":"https:\/\/rent4event.si\/en\/wp-json\/wp\/v2\/product"}],"about":[{"href":"https:\/\/rent4event.si\/en\/wp-json\/wp\/v2\/types\/product"}],"replies":[{"embeddable":true,"href":"https:\/\/rent4event.si\/en\/wp-json\/wp\/v2\/comments?post=8714"}],"version-history":[{"count":3,"href":"https:\/\/rent4event.si\/en\/wp-json\/wp\/v2\/product\/8714\/revisions"}],"predecessor-version":[{"id":10172,"href":"https:\/\/rent4event.si\/en\/wp-json\/wp\/v2\/product\/8714\/revisions\/10172"}],"wp:featuredmedia":[{"embeddable":true,"href":"https:\/\/rent4event.si\/en\/wp-json\/wp\/v2\/media\/8793"}],"wp:attachment":[{"href":"https:\/\/rent4event.si\/en\/wp-json\/wp\/v2\/media?parent=8714"}],"wp:term":[{"taxonomy":"product_brand","embeddable":true,"href":"https:\/\/rent4event.si\/en\/wp-json\/wp\/v2\/product_brand?post=8714"},{"taxonomy":"product_cat","embeddable":true,"href":"https:\/\/rent4event.si\/en\/wp-json\/wp\/v2\/product_cat?post=8714"},{"taxonomy":"product_tag","embeddable":true,"href":"https:\/\/rent4event.si\/en\/wp-json\/wp\/v2\/product_tag?post=8714"}],"curies":[{"name":"wp","href":"https:\/\/api.w.org\/{rel}","templated":true}]}}