{"id":8656,"date":"2024-02-23T07:58:10","date_gmt":"2024-02-23T07:58:10","guid":{"rendered":"https:\/\/rent4event.si\/?post_type=product&#038;p=8656"},"modified":"2024-02-26T09:36:37","modified_gmt":"2024-02-26T09:36:37","slug":"stol-chiavari-bel","status":"publish","type":"product","link":"https:\/\/rent4event.si\/en\/najem\/stoli\/stol-chiavari-bel\/","title":{"rendered":"Stol CHIAVARI (bel)"},"content":{"rendered":"<p>Stol Chiavari je ikoni\u010den kos pohi\u0161tva, zasnovan za dodajanje elegance in sloga vsaki prilo\u017enosti, \u0161e posebej pa je priljubljen na porokah. Njegova izjemna eleganca in prefinjenost naredita vsak dogodek \u0161e bolj poseben. S svojo \u010disto in klasi\u010dno obliko ter izvrstno izdelavo je stol Chiavari popolna izbira za vsako poro\u010dno slovesnost ali drugo sve\u010dano prilo\u017enost, kjer se \u017eeli ustvariti vzdu\u0161je izjemne elegancije in rafiniranosti.<\/p>","protected":false},"excerpt":{"rendered":"<p>Stol Chiavari je ikoni\u010den kos pohi\u0161tva, zasnovan za dodajanje elegance in sloga vsaki prilo\u017enosti, \u0161e posebej pa je priljubljen na porokah. Njegova izjemna eleganca in prefinjenost naredita vsak dogodek \u0161e&hellip; <a class=\"read-more-link\" href=\"https:\/\/rent4event.si\/en\/najem\/stoli\/stol-chiavari-bel\/\">Preberi ve\u010d<\/a><\/p>","protected":false},"featured_media":8657,"comment_status":"closed","ping_status":"closed","template":"","meta":{"_monsterinsights_skip_tracking":false,"_monsterinsights_sitenote_active":false,"_monsterinsights_sitenote_note":"","_monsterinsights_sitenote_category":0},"product_brand":[],"product_cat":[145,36,322],"product_tag":[600,231,578,601],"class_list":{"0":"post-8656","1":"product","2":"type-product","3":"status-publish","4":"has-post-thumbnail","6":"product_cat-elegantenq","7":"product_cat-stoli","8":"product_cat-vse","9":"product_tag-chiavari","10":"product_tag-eleganten-stol","11":"product_tag-stol-za-poroke","12":"product_tag-zunanji-stol","14":"first","15":"instock","16":"shipping-taxable","17":"purchasable","18":"product-type-simple"},"_links":{"self":[{"href":"https:\/\/rent4event.si\/en\/wp-json\/wp\/v2\/product\/8656","targetHints":{"allow":["GET"]}}],"collection":[{"href":"https:\/\/rent4event.si\/en\/wp-json\/wp\/v2\/product"}],"about":[{"href":"https:\/\/rent4event.si\/en\/wp-json\/wp\/v2\/types\/product"}],"replies":[{"embeddable":true,"href":"https:\/\/rent4event.si\/en\/wp-json\/wp\/v2\/comments?post=8656"}],"version-history":[{"count":1,"href":"https:\/\/rent4event.si\/en\/wp-json\/wp\/v2\/product\/8656\/revisions"}],"predecessor-version":[{"id":8660,"href":"https:\/\/rent4event.si\/en\/wp-json\/wp\/v2\/product\/8656\/revisions\/8660"}],"wp:featuredmedia":[{"embeddable":true,"href":"https:\/\/rent4event.si\/en\/wp-json\/wp\/v2\/media\/8657"}],"wp:attachment":[{"href":"https:\/\/rent4event.si\/en\/wp-json\/wp\/v2\/media?parent=8656"}],"wp:term":[{"taxonomy":"product_brand","embeddable":true,"href":"https:\/\/rent4event.si\/en\/wp-json\/wp\/v2\/product_brand?post=8656"},{"taxonomy":"product_cat","embeddable":true,"href":"https:\/\/rent4event.si\/en\/wp-json\/wp\/v2\/product_cat?post=8656"},{"taxonomy":"product_tag","embeddable":true,"href":"https:\/\/rent4event.si\/en\/wp-json\/wp\/v2\/product_tag?post=8656"}],"curies":[{"name":"wp","href":"https:\/\/api.w.org\/{rel}","templated":true}]}}