{"id":8651,"date":"2024-02-23T07:19:11","date_gmt":"2024-02-23T07:19:11","guid":{"rendered":"https:\/\/rent4event.si\/?post_type=product&#038;p=8651"},"modified":"2024-02-26T09:36:41","modified_gmt":"2024-02-26T09:36:41","slug":"stol-crossback-crn","status":"publish","type":"product","link":"https:\/\/rent4event.si\/en\/najem\/stoli\/stol-crossback-crn\/","title":{"rendered":"Stol CROSSBACK (\u010drn)"},"content":{"rendered":"<p>Stol s kri\u017eno hrbtno oporo iz kostanjevega lesa je \u010dudovita izbira med dogordki in prava klasika poro\u010dni industriji.\u00a0 Izdelan je iz trpe\u017ene polipropilenaste mase.<\/p>","protected":false},"excerpt":{"rendered":"<p>Stol s kri\u017eno hrbtno oporo iz kostanjevega lesa je \u010dudovita izbira med dogordki in prava klasika poro\u010dni industriji.\u00a0 Izdelan je iz trpe\u017ene polipropilenaste mase.<\/p>","protected":false},"featured_media":8652,"comment_status":"closed","ping_status":"closed","template":"","meta":{"_monsterinsights_skip_tracking":false,"_monsterinsights_sitenote_active":false,"_monsterinsights_sitenote_note":"","_monsterinsights_sitenote_category":0},"product_brand":[],"product_cat":[145,36,322],"product_tag":[248,247,249],"class_list":{"0":"post-8651","1":"product","2":"type-product","3":"status-publish","4":"has-post-thumbnail","6":"product_cat-elegantenq","7":"product_cat-stoli","8":"product_cat-vse","9":"product_tag-klasicen-stol","10":"product_tag-lesen-stol","11":"product_tag-stol-z-naslonjali","13":"first","14":"instock","15":"shipping-taxable","16":"purchasable","17":"product-type-simple"},"_links":{"self":[{"href":"https:\/\/rent4event.si\/en\/wp-json\/wp\/v2\/product\/8651","targetHints":{"allow":["GET"]}}],"collection":[{"href":"https:\/\/rent4event.si\/en\/wp-json\/wp\/v2\/product"}],"about":[{"href":"https:\/\/rent4event.si\/en\/wp-json\/wp\/v2\/types\/product"}],"replies":[{"embeddable":true,"href":"https:\/\/rent4event.si\/en\/wp-json\/wp\/v2\/comments?post=8651"}],"version-history":[{"count":1,"href":"https:\/\/rent4event.si\/en\/wp-json\/wp\/v2\/product\/8651\/revisions"}],"predecessor-version":[{"id":8655,"href":"https:\/\/rent4event.si\/en\/wp-json\/wp\/v2\/product\/8651\/revisions\/8655"}],"wp:featuredmedia":[{"embeddable":true,"href":"https:\/\/rent4event.si\/en\/wp-json\/wp\/v2\/media\/8652"}],"wp:attachment":[{"href":"https:\/\/rent4event.si\/en\/wp-json\/wp\/v2\/media?parent=8651"}],"wp:term":[{"taxonomy":"product_brand","embeddable":true,"href":"https:\/\/rent4event.si\/en\/wp-json\/wp\/v2\/product_brand?post=8651"},{"taxonomy":"product_cat","embeddable":true,"href":"https:\/\/rent4event.si\/en\/wp-json\/wp\/v2\/product_cat?post=8651"},{"taxonomy":"product_tag","embeddable":true,"href":"https:\/\/rent4event.si\/en\/wp-json\/wp\/v2\/product_tag?post=8651"}],"curies":[{"name":"wp","href":"https:\/\/api.w.org\/{rel}","templated":true}]}}