{"id":8375,"date":"2024-02-20T17:02:20","date_gmt":"2024-02-20T17:02:20","guid":{"rendered":"https:\/\/rent4event.si\/?post_type=product&#038;p=8375"},"modified":"2024-02-26T09:36:47","modified_gmt":"2024-02-26T09:36:47","slug":"stropni-infrardeci-grelec-tivoli","status":"publish","type":"product","link":"https:\/\/rent4event.si\/en\/najem\/ostalo\/stropni-infrardeci-grelec-tivoli\/","title":{"rendered":"Stropni infrarde\u010di grelec Tivoli"},"content":{"rendered":"<p>Ponujamo stropni infrarde\u010di grelec za najem, primeren za razli\u010dne dogodke na prostem. S svojo mo\u010djo grelca 2000 W in vgrajenim daljinskim upravljalnikom zagotavlja takoj\u0161njo in prijetno toploto, kot jo ustvarja sonce. Ta odporen grelec je idealen za ogrevanje teras, vrtov in drugih zunanjih prostorov na razli\u010dnih dogodkih, kot so poroke, pikniki ali praznovanja. Z njegovo zanesljivo delovanje goste ohranjamo udobne in toplo ves \u010das.<\/p>","protected":false},"excerpt":{"rendered":"<p>Ponujamo stropni infrarde\u010di grelec za najem, primeren za razli\u010dne dogodke na prostem. S svojo mo\u010djo grelca 2000 W in vgrajenim daljinskim upravljalnikom zagotavlja takoj\u0161njo in prijetno toploto, kot jo ustvarja&hellip; <a class=\"read-more-link\" href=\"https:\/\/rent4event.si\/en\/najem\/ostalo\/stropni-infrardeci-grelec-tivoli\/\">Preberi ve\u010d<\/a><\/p>","protected":false},"featured_media":8376,"comment_status":"closed","ping_status":"closed","template":"","meta":{"_monsterinsights_skip_tracking":false,"_monsterinsights_sitenote_active":false,"_monsterinsights_sitenote_note":"","_monsterinsights_sitenote_category":0},"product_brand":[],"product_cat":[15,322],"product_tag":[596,598,595,597],"class_list":{"0":"post-8375","1":"product","2":"type-product","3":"status-publish","4":"has-post-thumbnail","6":"product_cat-ostalo","7":"product_cat-vse","8":"product_tag-grelec","9":"product_tag-gretje","10":"product_tag-infrardeci-grelec","11":"product_tag-stropni-grelec","13":"first","14":"instock","15":"shipping-taxable","16":"purchasable","17":"product-type-simple"},"_links":{"self":[{"href":"https:\/\/rent4event.si\/en\/wp-json\/wp\/v2\/product\/8375","targetHints":{"allow":["GET"]}}],"collection":[{"href":"https:\/\/rent4event.si\/en\/wp-json\/wp\/v2\/product"}],"about":[{"href":"https:\/\/rent4event.si\/en\/wp-json\/wp\/v2\/types\/product"}],"replies":[{"embeddable":true,"href":"https:\/\/rent4event.si\/en\/wp-json\/wp\/v2\/comments?post=8375"}],"version-history":[{"count":1,"href":"https:\/\/rent4event.si\/en\/wp-json\/wp\/v2\/product\/8375\/revisions"}],"predecessor-version":[{"id":8378,"href":"https:\/\/rent4event.si\/en\/wp-json\/wp\/v2\/product\/8375\/revisions\/8378"}],"wp:featuredmedia":[{"embeddable":true,"href":"https:\/\/rent4event.si\/en\/wp-json\/wp\/v2\/media\/8376"}],"wp:attachment":[{"href":"https:\/\/rent4event.si\/en\/wp-json\/wp\/v2\/media?parent=8375"}],"wp:term":[{"taxonomy":"product_brand","embeddable":true,"href":"https:\/\/rent4event.si\/en\/wp-json\/wp\/v2\/product_brand?post=8375"},{"taxonomy":"product_cat","embeddable":true,"href":"https:\/\/rent4event.si\/en\/wp-json\/wp\/v2\/product_cat?post=8375"},{"taxonomy":"product_tag","embeddable":true,"href":"https:\/\/rent4event.si\/en\/wp-json\/wp\/v2\/product_tag?post=8375"}],"curies":[{"name":"wp","href":"https:\/\/api.w.org\/{rel}","templated":true}]}}