{"id":8367,"date":"2024-02-20T07:27:04","date_gmt":"2024-02-20T07:27:04","guid":{"rendered":"https:\/\/rent4event.si\/?post_type=product&#038;p=8367"},"modified":"2024-02-26T09:36:52","modified_gmt":"2024-02-26T09:36:52","slug":"enosed-fotelj-lc1","status":"publish","type":"product","link":"https:\/\/rent4event.si\/en\/najem\/fotelji\/enosed-fotelj-lc1\/","title":{"rendered":"Fotelj LC2"},"content":{"rendered":"<p>Ponujamo eleganten enosed fotelj za najem v stilu usnja in Bauhausa, ki je primeren za vse vrste dogodkov. Ta fotelj zdru\u017euje klasi\u010den dizajn s sodobnim pridihom, kar ga naredi privla\u010dnega in vsestranskega. S svojim udobnim sede\u017eem in privla\u010dno obliko bo dodal eleganco in udobje va\u0161emu prostoru, ne glede na to, ali gre za poslovni dogodek, poroko ali zabavo.<\/p>","protected":false},"excerpt":{"rendered":"<p>Ponujamo eleganten enosed fotelj za najem v stilu usnja in Bauhausa, ki je primeren za vse vrste dogodkov. Ta fotelj zdru\u017euje klasi\u010den dizajn s sodobnim pridihom, kar ga naredi privla\u010dnega&hellip; <a class=\"read-more-link\" href=\"https:\/\/rent4event.si\/en\/najem\/fotelji\/enosed-fotelj-lc1\/\">Preberi ve\u010d<\/a><\/p>","protected":false},"featured_media":8369,"comment_status":"closed","ping_status":"closed","template":"","meta":{"_monsterinsights_skip_tracking":false,"_monsterinsights_sitenote_active":false,"_monsterinsights_sitenote_note":"","_monsterinsights_sitenote_category":0},"product_brand":[],"product_cat":[37,144,322],"product_tag":[592,263,216,262,594,593],"class_list":{"0":"post-8367","1":"product","2":"type-product","3":"status-publish","4":"has-post-thumbnail","6":"product_cat-fotelji","7":"product_cat-retro","8":"product_cat-vse","9":"product_tag-bauhaus","10":"product_tag-enosed","11":"product_tag-fotelj","12":"product_tag-kavc","13":"product_tag-lounger","14":"product_tag-usnjeni","16":"first","17":"instock","18":"shipping-taxable","19":"purchasable","20":"product-type-simple"},"_links":{"self":[{"href":"https:\/\/rent4event.si\/en\/wp-json\/wp\/v2\/product\/8367","targetHints":{"allow":["GET"]}}],"collection":[{"href":"https:\/\/rent4event.si\/en\/wp-json\/wp\/v2\/product"}],"about":[{"href":"https:\/\/rent4event.si\/en\/wp-json\/wp\/v2\/types\/product"}],"replies":[{"embeddable":true,"href":"https:\/\/rent4event.si\/en\/wp-json\/wp\/v2\/comments?post=8367"}],"version-history":[{"count":3,"href":"https:\/\/rent4event.si\/en\/wp-json\/wp\/v2\/product\/8367\/revisions"}],"predecessor-version":[{"id":8682,"href":"https:\/\/rent4event.si\/en\/wp-json\/wp\/v2\/product\/8367\/revisions\/8682"}],"wp:featuredmedia":[{"embeddable":true,"href":"https:\/\/rent4event.si\/en\/wp-json\/wp\/v2\/media\/8369"}],"wp:attachment":[{"href":"https:\/\/rent4event.si\/en\/wp-json\/wp\/v2\/media?parent=8367"}],"wp:term":[{"taxonomy":"product_brand","embeddable":true,"href":"https:\/\/rent4event.si\/en\/wp-json\/wp\/v2\/product_brand?post=8367"},{"taxonomy":"product_cat","embeddable":true,"href":"https:\/\/rent4event.si\/en\/wp-json\/wp\/v2\/product_cat?post=8367"},{"taxonomy":"product_tag","embeddable":true,"href":"https:\/\/rent4event.si\/en\/wp-json\/wp\/v2\/product_tag?post=8367"}],"curies":[{"name":"wp","href":"https:\/\/api.w.org\/{rel}","templated":true}]}}