{"id":8356,"date":"2024-02-20T07:09:43","date_gmt":"2024-02-20T07:09:43","guid":{"rendered":"https:\/\/rent4event.si\/?post_type=product&#038;p=8356"},"modified":"2024-03-24T20:14:22","modified_gmt":"2024-03-24T20:14:22","slug":"veriga-led-zarnic-mimosa","status":"publish","type":"product","link":"https:\/\/rent4event.si\/en\/najem\/vse\/veriga-led-zarnic-mimosa\/","title":{"rendered":"Veriga LED \u017earnic BUBBLE"},"content":{"rendered":"<p>Ponujamo LED verigo \u017earnic za osvetlitev vseh mo\u017enih zunanjih dogodkov. Na voljo v dol\u017einah 10, 15 in 20 metrov, ta svetilna veriga prina\u0161a \u010darobno vzdu\u0161je in ambientalno osvetlitev va\u0161emu prostoru. S svojo vsestranskostjo je primerna za razli\u010dne prilo\u017enosti, kot so zabave, poroke ali pikniki na prostem. Ne samo, da ustvarja \u010dudovito atmosfero, ampak je tudi energetsko u\u010dinkovita in trajna, kar omogo\u010da brezskrbno u\u017eivanje v osvetlitvi va\u0161ega dogodka.<\/p>","protected":false},"excerpt":{"rendered":"<p>Ponujamo LED verigo \u017earnic za osvetlitev vseh mo\u017enih zunanjih dogodkov. Na voljo v dol\u017einah 10, 15 in 20 metrov, ta svetilna veriga prina\u0161a \u010darobno vzdu\u0161je in ambientalno osvetlitev va\u0161emu prostoru.&hellip; <a class=\"read-more-link\" href=\"https:\/\/rent4event.si\/en\/najem\/vse\/veriga-led-zarnic-mimosa\/\">Preberi ve\u010d<\/a><\/p>","protected":false},"featured_media":8357,"comment_status":"closed","ping_status":"closed","template":"","meta":{"_monsterinsights_skip_tracking":false,"_monsterinsights_sitenote_active":false,"_monsterinsights_sitenote_note":"","_monsterinsights_sitenote_category":0},"product_brand":[],"product_cat":[365,322],"product_tag":[587,589,591,588,590],"class_list":{"0":"post-8356","1":"product","2":"type-product","3":"status-publish","4":"has-post-thumbnail","6":"product_cat-svetila","7":"product_cat-vse","8":"product_tag-led-veriga","9":"product_tag-osvetlitev","10":"product_tag-osvetlitev-dogodka","11":"product_tag-svetilke","12":"product_tag-zarnice","14":"first","15":"instock","16":"shipping-taxable","17":"purchasable","18":"product-type-simple"},"_links":{"self":[{"href":"https:\/\/rent4event.si\/en\/wp-json\/wp\/v2\/product\/8356","targetHints":{"allow":["GET"]}}],"collection":[{"href":"https:\/\/rent4event.si\/en\/wp-json\/wp\/v2\/product"}],"about":[{"href":"https:\/\/rent4event.si\/en\/wp-json\/wp\/v2\/types\/product"}],"replies":[{"embeddable":true,"href":"https:\/\/rent4event.si\/en\/wp-json\/wp\/v2\/comments?post=8356"}],"version-history":[{"count":3,"href":"https:\/\/rent4event.si\/en\/wp-json\/wp\/v2\/product\/8356\/revisions"}],"predecessor-version":[{"id":9292,"href":"https:\/\/rent4event.si\/en\/wp-json\/wp\/v2\/product\/8356\/revisions\/9292"}],"wp:featuredmedia":[{"embeddable":true,"href":"https:\/\/rent4event.si\/en\/wp-json\/wp\/v2\/media\/8357"}],"wp:attachment":[{"href":"https:\/\/rent4event.si\/en\/wp-json\/wp\/v2\/media?parent=8356"}],"wp:term":[{"taxonomy":"product_brand","embeddable":true,"href":"https:\/\/rent4event.si\/en\/wp-json\/wp\/v2\/product_brand?post=8356"},{"taxonomy":"product_cat","embeddable":true,"href":"https:\/\/rent4event.si\/en\/wp-json\/wp\/v2\/product_cat?post=8356"},{"taxonomy":"product_tag","embeddable":true,"href":"https:\/\/rent4event.si\/en\/wp-json\/wp\/v2\/product_tag?post=8356"}],"curies":[{"name":"wp","href":"https:\/\/api.w.org\/{rel}","templated":true}]}}