{"id":8290,"date":"2024-02-19T08:25:26","date_gmt":"2024-02-19T08:25:26","guid":{"rendered":"https:\/\/rent4event.si\/?post_type=product&#038;p=8290"},"modified":"2024-02-27T09:55:58","modified_gmt":"2024-02-27T09:55:58","slug":"razlicne-zelene-rastline","status":"publish","type":"product","link":"https:\/\/rent4event.si\/en\/najem\/vse\/razlicne-zelene-rastline\/","title":{"rendered":"Razli\u010dne male zelene rastline (me\u0161ano)"},"content":{"rendered":"<p>Pri nas lahko najamete raznolike male umetne rastline, ki bodo ustvarile prijeten ambient na va\u0161em dogodku. Na voljo imamo vise\u010de, namizne in samostoje\u010de rastline\u00a0 razli\u010dnih vrst, ki bodo dodale pridih narave in sve\u017eine va\u0161emu prostoru. Ne glede na va\u0161e potrebe vam zagotavljamo kakovostne rastline, ki bodo o\u010darale va\u0161e goste in ustvarile \u010darobno vzdu\u0161je.<\/p>","protected":false},"excerpt":{"rendered":"<p>Pri nas lahko najamete raznolike male umetne rastline, ki bodo ustvarile prijeten ambient na va\u0161em dogodku. Na voljo imamo vise\u010de, namizne in samostoje\u010de rastline\u00a0 razli\u010dnih vrst, ki bodo dodale pridih&hellip; <a class=\"read-more-link\" href=\"https:\/\/rent4event.si\/en\/najem\/vse\/razlicne-zelene-rastline\/\">Preberi ve\u010d<\/a><\/p>","protected":false},"featured_media":8292,"comment_status":"closed","ping_status":"closed","template":"","meta":{"_monsterinsights_skip_tracking":false,"_monsterinsights_sitenote_active":false,"_monsterinsights_sitenote_note":"","_monsterinsights_sitenote_category":0},"product_brand":[],"product_cat":[629,366,322],"product_tag":[571,572,573,575,574],"class_list":{"0":"post-8290","1":"product","2":"type-product","3":"status-publish","4":"has-post-thumbnail","6":"product_cat-porsche-prireditev","7":"product_cat-umetne-rastline","8":"product_cat-vse","9":"product_tag-mesano-zelenje","10":"product_tag-plasticne-rastline","11":"product_tag-umetne-rastline","12":"product_tag-zeleno","13":"product_tag-zimzelen","15":"first","16":"instock","17":"shipping-taxable","18":"purchasable","19":"product-type-simple"},"_links":{"self":[{"href":"https:\/\/rent4event.si\/en\/wp-json\/wp\/v2\/product\/8290","targetHints":{"allow":["GET"]}}],"collection":[{"href":"https:\/\/rent4event.si\/en\/wp-json\/wp\/v2\/product"}],"about":[{"href":"https:\/\/rent4event.si\/en\/wp-json\/wp\/v2\/types\/product"}],"replies":[{"embeddable":true,"href":"https:\/\/rent4event.si\/en\/wp-json\/wp\/v2\/comments?post=8290"}],"version-history":[{"count":2,"href":"https:\/\/rent4event.si\/en\/wp-json\/wp\/v2\/product\/8290\/revisions"}],"predecessor-version":[{"id":8298,"href":"https:\/\/rent4event.si\/en\/wp-json\/wp\/v2\/product\/8290\/revisions\/8298"}],"wp:featuredmedia":[{"embeddable":true,"href":"https:\/\/rent4event.si\/en\/wp-json\/wp\/v2\/media\/8292"}],"wp:attachment":[{"href":"https:\/\/rent4event.si\/en\/wp-json\/wp\/v2\/media?parent=8290"}],"wp:term":[{"taxonomy":"product_brand","embeddable":true,"href":"https:\/\/rent4event.si\/en\/wp-json\/wp\/v2\/product_brand?post=8290"},{"taxonomy":"product_cat","embeddable":true,"href":"https:\/\/rent4event.si\/en\/wp-json\/wp\/v2\/product_cat?post=8290"},{"taxonomy":"product_tag","embeddable":true,"href":"https:\/\/rent4event.si\/en\/wp-json\/wp\/v2\/product_tag?post=8290"}],"curies":[{"name":"wp","href":"https:\/\/api.w.org\/{rel}","templated":true}]}}