{"id":8221,"date":"2024-02-19T06:59:08","date_gmt":"2024-02-19T06:59:08","guid":{"rendered":"https:\/\/rent4event.si\/?post_type=product&#038;p=8221"},"modified":"2024-03-07T20:22:20","modified_gmt":"2024-03-07T20:22:20","slug":"steklena-lanterna-classic-bela","status":"publish","type":"product","link":"https:\/\/rent4event.si\/en\/najem\/retro\/steklena-lanterna-classic-bela\/","title":{"rendered":"Steklena lanterna CLASSIC (bela)"},"content":{"rendered":"<p>Elegantna kvadrasta steklena lanterna, primerna za vse ambientalne dogodke. Ima mo\u017enost vstavljanja klasi\u010dnih sve\u010d ali LED svetil, kar omogo\u010da prilagodljivo osvetlitev glede na \u017eelje in potrebe. Zagotavlja ustvarjanje prijetnega vzdu\u0161ja in dodaja pridih elegance ter topline vsakemu prostoru.<\/p>","protected":false},"excerpt":{"rendered":"<p>Elegantna kvadrasta steklena lanterna, primerna za vse ambientalne dogodke. Ima mo\u017enost vstavljanja klasi\u010dnih sve\u010d ali LED svetil, kar omogo\u010da prilagodljivo osvetlitev glede na \u017eelje in potrebe. Zagotavlja ustvarjanje prijetnega vzdu\u0161ja&hellip; <a class=\"read-more-link\" href=\"https:\/\/rent4event.si\/en\/najem\/retro\/steklena-lanterna-classic-bela\/\">Preberi ve\u010d<\/a><\/p>","protected":false},"featured_media":8222,"comment_status":"closed","ping_status":"closed","template":"","meta":{"_monsterinsights_skip_tracking":false,"_monsterinsights_sitenote_active":false,"_monsterinsights_sitenote_note":"","_monsterinsights_sitenote_category":0},"product_brand":[],"product_cat":[473,144,365,322],"product_tag":[564,558,560,561,559,563,474,411,562],"class_list":{"0":"post-8221","1":"product","2":"type-product","3":"status-publish","4":"has-post-thumbnail","6":"product_cat-dekoracija","7":"product_cat-retro","8":"product_cat-svetila","9":"product_cat-vse","10":"product_tag-klasicna","11":"product_tag-lanterna","12":"product_tag-luc","13":"product_tag-mrezasta","14":"product_tag-pletena","15":"product_tag-steklena","16":"product_tag-svecnik","17":"product_tag-svetilka","18":"product_tag-zicnata","20":"first","21":"instock","22":"shipping-taxable","23":"purchasable","24":"product-type-simple"},"_links":{"self":[{"href":"https:\/\/rent4event.si\/en\/wp-json\/wp\/v2\/product\/8221","targetHints":{"allow":["GET"]}}],"collection":[{"href":"https:\/\/rent4event.si\/en\/wp-json\/wp\/v2\/product"}],"about":[{"href":"https:\/\/rent4event.si\/en\/wp-json\/wp\/v2\/types\/product"}],"replies":[{"embeddable":true,"href":"https:\/\/rent4event.si\/en\/wp-json\/wp\/v2\/comments?post=8221"}],"version-history":[{"count":1,"href":"https:\/\/rent4event.si\/en\/wp-json\/wp\/v2\/product\/8221\/revisions"}],"predecessor-version":[{"id":8224,"href":"https:\/\/rent4event.si\/en\/wp-json\/wp\/v2\/product\/8221\/revisions\/8224"}],"wp:featuredmedia":[{"embeddable":true,"href":"https:\/\/rent4event.si\/en\/wp-json\/wp\/v2\/media\/8222"}],"wp:attachment":[{"href":"https:\/\/rent4event.si\/en\/wp-json\/wp\/v2\/media?parent=8221"}],"wp:term":[{"taxonomy":"product_brand","embeddable":true,"href":"https:\/\/rent4event.si\/en\/wp-json\/wp\/v2\/product_brand?post=8221"},{"taxonomy":"product_cat","embeddable":true,"href":"https:\/\/rent4event.si\/en\/wp-json\/wp\/v2\/product_cat?post=8221"},{"taxonomy":"product_tag","embeddable":true,"href":"https:\/\/rent4event.si\/en\/wp-json\/wp\/v2\/product_tag?post=8221"}],"curies":[{"name":"wp","href":"https:\/\/api.w.org\/{rel}","templated":true}]}}