{"id":8180,"date":"2024-02-18T20:13:53","date_gmt":"2024-02-18T20:13:53","guid":{"rendered":"https:\/\/rent4event.si\/?post_type=product&#038;p=8180"},"modified":"2024-02-26T09:39:33","modified_gmt":"2024-02-26T09:39:33","slug":"retro-filmski-reflektor","status":"publish","type":"product","link":"https:\/\/rent4event.si\/en\/najem\/industrijski\/retro-filmski-reflektor\/","title":{"rendered":"Retro reflektor SPUTNIK"},"content":{"rendered":"<p>Retro filmski reflektor je popoln dodatek za po\u017eivitev vsakega dogodka. S svojim edinstvenim videzom in nostalgi\u010dnim \u010darom bo zagotovo pritegnil pozornost va\u0161ih gostov. Ta impresivni kos dodaja pridih filmske industrije in ustvarja dramati\u010dno razsvetljavo, ki bo ustvarila nepozaben vtis. S sposojo retro filmskega reflektorja lahko ustvarite pristno vzdu\u0161je filmske premiere ali pa preprosto dodate nekaj izvirnosti in zabave va\u0161emu dogodku.<\/p>","protected":false},"excerpt":{"rendered":"<p>Retro filmski reflektor je popoln dodatek za po\u017eivitev vsakega dogodka. S svojim edinstvenim videzom in nostalgi\u010dnim \u010darom bo zagotovo pritegnil pozornost va\u0161ih gostov. Ta impresivni kos dodaja pridih filmske industrije&hellip; <a class=\"read-more-link\" href=\"https:\/\/rent4event.si\/en\/najem\/industrijski\/retro-filmski-reflektor\/\">Preberi ve\u010d<\/a><\/p>","protected":false},"featured_media":8182,"comment_status":"closed","ping_status":"closed","template":"","meta":{"_monsterinsights_skip_tracking":false,"_monsterinsights_sitenote_active":false,"_monsterinsights_sitenote_note":"","_monsterinsights_sitenote_category":0},"product_brand":[],"product_cat":[473,143,144,365,322],"product_tag":[550,549,218,219],"class_list":{"0":"post-8180","1":"product","2":"type-product","3":"status-publish","4":"has-post-thumbnail","6":"product_cat-dekoracija","7":"product_cat-industrijski","8":"product_cat-retro","9":"product_cat-svetila","10":"product_cat-vse","11":"product_tag-filmski-reflektor","12":"product_tag-industrijski-reflektor","13":"product_tag-retro","14":"product_tag-vintage","16":"first","17":"instock","18":"shipping-taxable","19":"purchasable","20":"product-type-simple"},"_links":{"self":[{"href":"https:\/\/rent4event.si\/en\/wp-json\/wp\/v2\/product\/8180","targetHints":{"allow":["GET"]}}],"collection":[{"href":"https:\/\/rent4event.si\/en\/wp-json\/wp\/v2\/product"}],"about":[{"href":"https:\/\/rent4event.si\/en\/wp-json\/wp\/v2\/types\/product"}],"replies":[{"embeddable":true,"href":"https:\/\/rent4event.si\/en\/wp-json\/wp\/v2\/comments?post=8180"}],"version-history":[{"count":2,"href":"https:\/\/rent4event.si\/en\/wp-json\/wp\/v2\/product\/8180\/revisions"}],"predecessor-version":[{"id":8203,"href":"https:\/\/rent4event.si\/en\/wp-json\/wp\/v2\/product\/8180\/revisions\/8203"}],"wp:featuredmedia":[{"embeddable":true,"href":"https:\/\/rent4event.si\/en\/wp-json\/wp\/v2\/media\/8182"}],"wp:attachment":[{"href":"https:\/\/rent4event.si\/en\/wp-json\/wp\/v2\/media?parent=8180"}],"wp:term":[{"taxonomy":"product_brand","embeddable":true,"href":"https:\/\/rent4event.si\/en\/wp-json\/wp\/v2\/product_brand?post=8180"},{"taxonomy":"product_cat","embeddable":true,"href":"https:\/\/rent4event.si\/en\/wp-json\/wp\/v2\/product_cat?post=8180"},{"taxonomy":"product_tag","embeddable":true,"href":"https:\/\/rent4event.si\/en\/wp-json\/wp\/v2\/product_tag?post=8180"}],"curies":[{"name":"wp","href":"https:\/\/api.w.org\/{rel}","templated":true}]}}