{"id":8053,"date":"2024-02-16T16:23:56","date_gmt":"2024-02-16T16:23:56","guid":{"rendered":"https:\/\/rent4event.si\/?post_type=product&#038;p=8053"},"modified":"2024-02-26T09:41:47","modified_gmt":"2024-02-26T09:41:47","slug":"mizica-singer","status":"publish","type":"product","link":"https:\/\/rent4event.si\/en\/najem\/mize\/mizica-singer\/","title":{"rendered":"Mizica SINGER"},"content":{"rendered":"<p>Ponujamo vam edinstveno prilo\u017enost, da dodate pridih nostalgije in industrijskega \u0161arma va\u0161emu prostoru z na\u0161o retro mizo iz ogrodja starinskega \u0161ivalnega stroja Singer. Ta \u010dudovit kos pohi\u0161tva zdru\u017euje zgodovinski zna\u010daj starinskega \u0161ivalnega stroja Singer s sodobno funkcionalnostjo in estetiko.<\/p>","protected":false},"excerpt":{"rendered":"<p>Ponujamo vam edinstveno prilo\u017enost, da dodate pridih nostalgije in industrijskega \u0161arma va\u0161emu prostoru z na\u0161o retro mizo iz ogrodja starinskega \u0161ivalnega stroja Singer. Ta \u010dudovit kos pohi\u0161tva zdru\u017euje zgodovinski zna\u010daj&hellip; <a class=\"read-more-link\" href=\"https:\/\/rent4event.si\/en\/najem\/mize\/mizica-singer\/\">Preberi ve\u010d<\/a><\/p>","protected":false},"featured_media":8054,"comment_status":"closed","ping_status":"closed","template":"","meta":{"_monsterinsights_skip_tracking":false,"_monsterinsights_sitenote_active":false,"_monsterinsights_sitenote_note":"","_monsterinsights_sitenote_category":0},"product_brand":[],"product_cat":[473,117,322],"product_tag":[306,531,218,530,219],"class_list":{"0":"post-8053","1":"product","2":"type-product","3":"status-publish","4":"has-post-thumbnail","6":"product_cat-dekoracija","7":"product_cat-mize","8":"product_cat-vse","9":"product_tag-mizica","10":"product_tag-okras","11":"product_tag-retro","12":"product_tag-singer","13":"product_tag-vintage","15":"first","16":"instock","17":"shipping-taxable","18":"purchasable","19":"product-type-simple"},"_links":{"self":[{"href":"https:\/\/rent4event.si\/en\/wp-json\/wp\/v2\/product\/8053","targetHints":{"allow":["GET"]}}],"collection":[{"href":"https:\/\/rent4event.si\/en\/wp-json\/wp\/v2\/product"}],"about":[{"href":"https:\/\/rent4event.si\/en\/wp-json\/wp\/v2\/types\/product"}],"replies":[{"embeddable":true,"href":"https:\/\/rent4event.si\/en\/wp-json\/wp\/v2\/comments?post=8053"}],"version-history":[{"count":1,"href":"https:\/\/rent4event.si\/en\/wp-json\/wp\/v2\/product\/8053\/revisions"}],"predecessor-version":[{"id":8058,"href":"https:\/\/rent4event.si\/en\/wp-json\/wp\/v2\/product\/8053\/revisions\/8058"}],"wp:featuredmedia":[{"embeddable":true,"href":"https:\/\/rent4event.si\/en\/wp-json\/wp\/v2\/media\/8054"}],"wp:attachment":[{"href":"https:\/\/rent4event.si\/en\/wp-json\/wp\/v2\/media?parent=8053"}],"wp:term":[{"taxonomy":"product_brand","embeddable":true,"href":"https:\/\/rent4event.si\/en\/wp-json\/wp\/v2\/product_brand?post=8053"},{"taxonomy":"product_cat","embeddable":true,"href":"https:\/\/rent4event.si\/en\/wp-json\/wp\/v2\/product_cat?post=8053"},{"taxonomy":"product_tag","embeddable":true,"href":"https:\/\/rent4event.si\/en\/wp-json\/wp\/v2\/product_tag?post=8053"}],"curies":[{"name":"wp","href":"https:\/\/api.w.org\/{rel}","templated":true}]}}