{"id":8010,"date":"2024-02-16T11:17:39","date_gmt":"2024-02-16T11:17:39","guid":{"rendered":"https:\/\/rent4event.si\/?post_type=product&#038;p=8010"},"modified":"2024-02-26T09:42:32","modified_gmt":"2024-02-26T09:42:32","slug":"umetna-rastlina-trava-locje","status":"publish","type":"product","link":"https:\/\/rent4event.si\/en\/najem\/vse\/umetna-rastlina-trava-locje\/","title":{"rendered":"Umetna rastlina trava LO\u010cJE (velika)"},"content":{"rendered":"<p>Izjemno\u00a0 realisti\u010dna umetna rastlina trava lo\u010dje (Juncus).<br \/>\nTa \u010dudovita umetna rastlina bo dodala subtilen in eleganten pridih narave v va\u0161 prostor.<br \/>\nS svojimi natan\u010dno oblikovanimi listi ter cvetovi in privla\u010dno velikostjo je popoln dodatek k va\u0161emu dekorju, ki bo prostoru dodal sve\u017eino in estetsko vrednost.<\/p>","protected":false},"excerpt":{"rendered":"<p>Izjemno\u00a0 realisti\u010dna umetna rastlina trava lo\u010dje (Juncus). Ta \u010dudovita umetna rastlina bo dodala subtilen in eleganten pridih narave v va\u0161 prostor. S svojimi natan\u010dno oblikovanimi listi ter cvetovi in privla\u010dno&hellip; <a class=\"read-more-link\" href=\"https:\/\/rent4event.si\/en\/najem\/vse\/umetna-rastlina-trava-locje\/\">Preberi ve\u010d<\/a><\/p>","protected":false},"featured_media":8012,"comment_status":"closed","ping_status":"closed","template":"","meta":{"_monsterinsights_skip_tracking":false,"_monsterinsights_sitenote_active":false,"_monsterinsights_sitenote_note":"","_monsterinsights_sitenote_category":0},"product_brand":[],"product_cat":[366,322],"product_tag":[443,529,442,528],"class_list":{"0":"post-8010","1":"product","2":"type-product","3":"status-publish","4":"has-post-thumbnail","6":"product_cat-umetne-rastline","7":"product_cat-vse","8":"product_tag-plasticna-rastlina","9":"product_tag-travca","10":"product_tag-umetna-rastlina","11":"product_tag-umetna-trava","13":"first","14":"instock","15":"shipping-taxable","16":"purchasable","17":"product-type-simple"},"_links":{"self":[{"href":"https:\/\/rent4event.si\/en\/wp-json\/wp\/v2\/product\/8010","targetHints":{"allow":["GET"]}}],"collection":[{"href":"https:\/\/rent4event.si\/en\/wp-json\/wp\/v2\/product"}],"about":[{"href":"https:\/\/rent4event.si\/en\/wp-json\/wp\/v2\/types\/product"}],"replies":[{"embeddable":true,"href":"https:\/\/rent4event.si\/en\/wp-json\/wp\/v2\/comments?post=8010"}],"version-history":[{"count":2,"href":"https:\/\/rent4event.si\/en\/wp-json\/wp\/v2\/product\/8010\/revisions"}],"predecessor-version":[{"id":8014,"href":"https:\/\/rent4event.si\/en\/wp-json\/wp\/v2\/product\/8010\/revisions\/8014"}],"wp:featuredmedia":[{"embeddable":true,"href":"https:\/\/rent4event.si\/en\/wp-json\/wp\/v2\/media\/8012"}],"wp:attachment":[{"href":"https:\/\/rent4event.si\/en\/wp-json\/wp\/v2\/media?parent=8010"}],"wp:term":[{"taxonomy":"product_brand","embeddable":true,"href":"https:\/\/rent4event.si\/en\/wp-json\/wp\/v2\/product_brand?post=8010"},{"taxonomy":"product_cat","embeddable":true,"href":"https:\/\/rent4event.si\/en\/wp-json\/wp\/v2\/product_cat?post=8010"},{"taxonomy":"product_tag","embeddable":true,"href":"https:\/\/rent4event.si\/en\/wp-json\/wp\/v2\/product_tag?post=8010"}],"curies":[{"name":"wp","href":"https:\/\/api.w.org\/{rel}","templated":true}]}}