{"id":7986,"date":"2024-02-16T09:18:50","date_gmt":"2024-02-16T09:18:50","guid":{"rendered":"https:\/\/rent4event.si\/?post_type=product&#038;p=7986"},"modified":"2024-02-26T09:42:58","modified_gmt":"2024-02-26T09:42:58","slug":"umetna-rastlina-orhideja-roza","status":"publish","type":"product","link":"https:\/\/rent4event.si\/en\/najem\/vse\/umetna-rastlina-orhideja-roza\/","title":{"rendered":"Umetna rastlina ORHIDEJA (roza)"},"content":{"rendered":"<p>Izjemno\u00a0 realisti\u010dna umetna orhideja.<br \/>\nTa \u010dudovita umetna rastlina bo dodala subtilen in eleganten pridih narave v va\u0161 prostor.<br \/>\nS svojimi natan\u010dno oblikovanimi listi ter cvetovi in privla\u010dno velikostjo je popoln dodatek k va\u0161emu dekorju, ki bo prostoru dodal sve\u017eino in estetsko vrednost.<\/p>","protected":false},"excerpt":{"rendered":"<p>Izjemno\u00a0 realisti\u010dna umetna orhideja. Ta \u010dudovita umetna rastlina bo dodala subtilen in eleganten pridih narave v va\u0161 prostor. S svojimi natan\u010dno oblikovanimi listi ter cvetovi in privla\u010dno velikostjo je popoln&hellip; <a class=\"read-more-link\" href=\"https:\/\/rent4event.si\/en\/najem\/vse\/umetna-rastlina-orhideja-roza\/\">Preberi ve\u010d<\/a><\/p>","protected":false},"featured_media":7988,"comment_status":"closed","ping_status":"closed","template":"","meta":{"_monsterinsights_skip_tracking":false,"_monsterinsights_sitenote_active":false,"_monsterinsights_sitenote_note":"","_monsterinsights_sitenote_category":0},"product_brand":[],"product_cat":[366,322],"product_tag":[524,443,523,442,504],"class_list":{"0":"post-7986","1":"product","2":"type-product","3":"status-publish","4":"has-post-thumbnail","6":"product_cat-umetne-rastline","7":"product_cat-vse","8":"product_tag-kukavica","9":"product_tag-plasticna-rastlina","10":"product_tag-umetna-orhideja","11":"product_tag-umetna-rastlina","12":"product_tag-umetno-cvetje","14":"first","15":"instock","16":"shipping-taxable","17":"purchasable","18":"product-type-simple"},"_links":{"self":[{"href":"https:\/\/rent4event.si\/en\/wp-json\/wp\/v2\/product\/7986","targetHints":{"allow":["GET"]}}],"collection":[{"href":"https:\/\/rent4event.si\/en\/wp-json\/wp\/v2\/product"}],"about":[{"href":"https:\/\/rent4event.si\/en\/wp-json\/wp\/v2\/types\/product"}],"replies":[{"embeddable":true,"href":"https:\/\/rent4event.si\/en\/wp-json\/wp\/v2\/comments?post=7986"}],"version-history":[{"count":1,"href":"https:\/\/rent4event.si\/en\/wp-json\/wp\/v2\/product\/7986\/revisions"}],"predecessor-version":[{"id":7987,"href":"https:\/\/rent4event.si\/en\/wp-json\/wp\/v2\/product\/7986\/revisions\/7987"}],"wp:featuredmedia":[{"embeddable":true,"href":"https:\/\/rent4event.si\/en\/wp-json\/wp\/v2\/media\/7988"}],"wp:attachment":[{"href":"https:\/\/rent4event.si\/en\/wp-json\/wp\/v2\/media?parent=7986"}],"wp:term":[{"taxonomy":"product_brand","embeddable":true,"href":"https:\/\/rent4event.si\/en\/wp-json\/wp\/v2\/product_brand?post=7986"},{"taxonomy":"product_cat","embeddable":true,"href":"https:\/\/rent4event.si\/en\/wp-json\/wp\/v2\/product_cat?post=7986"},{"taxonomy":"product_tag","embeddable":true,"href":"https:\/\/rent4event.si\/en\/wp-json\/wp\/v2\/product_tag?post=7986"}],"curies":[{"name":"wp","href":"https:\/\/api.w.org\/{rel}","templated":true}]}}