{"id":7963,"date":"2024-02-16T08:36:41","date_gmt":"2024-02-16T08:36:41","guid":{"rendered":"https:\/\/rent4event.si\/?post_type=product&#038;p=7963"},"modified":"2024-02-26T09:43:19","modified_gmt":"2024-02-26T09:43:19","slug":"umetna-rastlina-fikus-gumovec-ii","status":"publish","type":"product","link":"https:\/\/rent4event.si\/en\/najem\/vse\/umetna-rastlina-fikus-gumovec-ii\/","title":{"rendered":"Umetna rastlina FIKUS GUMOVEC II"},"content":{"rendered":"<p>Izjemno realisti\u010dno umetno drevesce fikus (Ficus elastica)<br \/>\nTa \u010dudovita umetna rastlina bo dodala subtilen in eleganten pridih narave v va\u0161 prostor.<br \/>\nS svojimi natan\u010dno oblikovanimi listi ter privla\u010dno velikostjo je popoln dodatek k va\u0161emu dekorju, ki bo prostoru dodal sve\u017eino in estetsko vrednost.<\/p>","protected":false},"excerpt":{"rendered":"<p>Izjemno realisti\u010dno umetno drevesce fikus (Ficus elastica) Ta \u010dudovita umetna rastlina bo dodala subtilen in eleganten pridih narave v va\u0161 prostor. S svojimi natan\u010dno oblikovanimi listi ter privla\u010dno velikostjo je&hellip; <a class=\"read-more-link\" href=\"https:\/\/rent4event.si\/en\/najem\/vse\/umetna-rastlina-fikus-gumovec-ii\/\">Preberi ve\u010d<\/a><\/p>","protected":false},"featured_media":7964,"comment_status":"closed","ping_status":"closed","template":"","meta":{"_monsterinsights_skip_tracking":false,"_monsterinsights_sitenote_active":false,"_monsterinsights_sitenote_note":"","_monsterinsights_sitenote_category":0},"product_brand":[],"product_cat":[366,322],"product_tag":[515,513,514,518,443,442,507],"class_list":{"0":"post-7963","1":"product","2":"type-product","3":"status-publish","4":"has-post-thumbnail","6":"product_cat-umetne-rastline","7":"product_cat-vse","8":"product_tag-benjamin","9":"product_tag-ficus-benjamina","10":"product_tag-fikus","11":"product_tag-gumovec","12":"product_tag-plasticna-rastlina","13":"product_tag-umetna-rastlina","14":"product_tag-umetno-drevo","16":"first","17":"instock","18":"shipping-taxable","19":"purchasable","20":"product-type-simple"},"_links":{"self":[{"href":"https:\/\/rent4event.si\/en\/wp-json\/wp\/v2\/product\/7963","targetHints":{"allow":["GET"]}}],"collection":[{"href":"https:\/\/rent4event.si\/en\/wp-json\/wp\/v2\/product"}],"about":[{"href":"https:\/\/rent4event.si\/en\/wp-json\/wp\/v2\/types\/product"}],"replies":[{"embeddable":true,"href":"https:\/\/rent4event.si\/en\/wp-json\/wp\/v2\/comments?post=7963"}],"version-history":[{"count":1,"href":"https:\/\/rent4event.si\/en\/wp-json\/wp\/v2\/product\/7963\/revisions"}],"predecessor-version":[{"id":7966,"href":"https:\/\/rent4event.si\/en\/wp-json\/wp\/v2\/product\/7963\/revisions\/7966"}],"wp:featuredmedia":[{"embeddable":true,"href":"https:\/\/rent4event.si\/en\/wp-json\/wp\/v2\/media\/7964"}],"wp:attachment":[{"href":"https:\/\/rent4event.si\/en\/wp-json\/wp\/v2\/media?parent=7963"}],"wp:term":[{"taxonomy":"product_brand","embeddable":true,"href":"https:\/\/rent4event.si\/en\/wp-json\/wp\/v2\/product_brand?post=7963"},{"taxonomy":"product_cat","embeddable":true,"href":"https:\/\/rent4event.si\/en\/wp-json\/wp\/v2\/product_cat?post=7963"},{"taxonomy":"product_tag","embeddable":true,"href":"https:\/\/rent4event.si\/en\/wp-json\/wp\/v2\/product_tag?post=7963"}],"curies":[{"name":"wp","href":"https:\/\/api.w.org\/{rel}","templated":true}]}}