{"id":7365,"date":"2024-02-05T07:33:39","date_gmt":"2024-02-05T07:33:39","guid":{"rendered":"https:\/\/rent4event.si\/?post_type=product&#038;p=7365"},"modified":"2024-03-03T08:19:55","modified_gmt":"2024-03-03T08:19:55","slug":"ognjisce-buschbeck","status":"publish","type":"product","link":"https:\/\/rent4event.si\/en\/najem\/ostalo\/ognjisce-buschbeck\/","title":{"rendered":"Ognji\u0161\u010de BUSCHBECK"},"content":{"rendered":"<p>Buschbeck kuri\u0161\u010da so izdelana iz samooksidacijskega jekla ter pridobivajo rustikalen videz s \u010dasom. To izbolj\u0161uje naravno patino in ustvarja \u010dudovito vzdu\u0161je, ki si ga vsak zbiranje \u017eeli.\u00a0 Mo\u017enost uporabe ognji\u0161\u010da kot \u010dudovit \u017ear ter lahko tako pripravite so\u010dno meso, ki se vam stopi v ustih!<br \/>\nPrimerno tudi kot dekorativno ognji\u0161\u010de za bolj toplo vzdu\u0161je.<\/p>","protected":false},"excerpt":{"rendered":"<p>Buschbeck kuri\u0161\u010da so izdelana iz samooksidacijskega jekla ter pridobivajo rustikalen videz s \u010dasom. To izbolj\u0161uje naravno patino in ustvarja \u010dudovito vzdu\u0161je, ki si ga vsak zbiranje \u017eeli.\u00a0 Mo\u017enost uporabe ognji\u0161\u010da&hellip; <a class=\"read-more-link\" href=\"https:\/\/rent4event.si\/en\/najem\/ostalo\/ognjisce-buschbeck\/\">Preberi ve\u010d<\/a><\/p>","protected":false},"featured_media":7366,"comment_status":"closed","ping_status":"closed","template":"","meta":{"_monsterinsights_skip_tracking":false,"_monsterinsights_sitenote_active":false,"_monsterinsights_sitenote_note":"","_monsterinsights_sitenote_category":0},"product_brand":[],"product_cat":[146,15,322],"product_tag":[414,413,415,418,417,416],"class_list":{"0":"post-7365","1":"product","2":"type-product","3":"status-publish","4":"has-post-thumbnail","6":"product_cat-minimalisticen","7":"product_cat-ostalo","8":"product_cat-vse","9":"product_tag-buschbeck","10":"product_tag-kurisce","11":"product_tag-ogenj-na-prostem","12":"product_tag-ognjisce","13":"product_tag-varen-ogenj","14":"product_tag-zar","16":"first","17":"instock","18":"shipping-taxable","19":"purchasable","20":"product-type-simple"},"_links":{"self":[{"href":"https:\/\/rent4event.si\/en\/wp-json\/wp\/v2\/product\/7365","targetHints":{"allow":["GET"]}}],"collection":[{"href":"https:\/\/rent4event.si\/en\/wp-json\/wp\/v2\/product"}],"about":[{"href":"https:\/\/rent4event.si\/en\/wp-json\/wp\/v2\/types\/product"}],"replies":[{"embeddable":true,"href":"https:\/\/rent4event.si\/en\/wp-json\/wp\/v2\/comments?post=7365"}],"version-history":[{"count":1,"href":"https:\/\/rent4event.si\/en\/wp-json\/wp\/v2\/product\/7365\/revisions"}],"predecessor-version":[{"id":7371,"href":"https:\/\/rent4event.si\/en\/wp-json\/wp\/v2\/product\/7365\/revisions\/7371"}],"wp:featuredmedia":[{"embeddable":true,"href":"https:\/\/rent4event.si\/en\/wp-json\/wp\/v2\/media\/7366"}],"wp:attachment":[{"href":"https:\/\/rent4event.si\/en\/wp-json\/wp\/v2\/media?parent=7365"}],"wp:term":[{"taxonomy":"product_brand","embeddable":true,"href":"https:\/\/rent4event.si\/en\/wp-json\/wp\/v2\/product_brand?post=7365"},{"taxonomy":"product_cat","embeddable":true,"href":"https:\/\/rent4event.si\/en\/wp-json\/wp\/v2\/product_cat?post=7365"},{"taxonomy":"product_tag","embeddable":true,"href":"https:\/\/rent4event.si\/en\/wp-json\/wp\/v2\/product_tag?post=7365"}],"curies":[{"name":"wp","href":"https:\/\/api.w.org\/{rel}","templated":true}]}}