{"id":7352,"date":"2024-02-05T06:26:01","date_gmt":"2024-02-05T06:26:01","guid":{"rendered":"https:\/\/rent4event.si\/?post_type=product&#038;p=7352"},"modified":"2024-02-26T11:01:05","modified_gmt":"2024-02-26T11:01:05","slug":"set-tarno-2x-stol-in-1x-miza","status":"publish","type":"product","link":"https:\/\/rent4event.si\/en\/najem\/stoli\/set-tarno-2x-stol-in-1x-miza\/","title":{"rendered":"Set BISTRO (2x stol in 1x miza)"},"content":{"rendered":"<p>Li\u010den set dveh stolov in mize iz lesa in pra\u0161no barvanega jekla. Ustvarjata prijetno in doma\u010de vzdu\u0161je na vsakemu dogodku.<\/p>","protected":false},"excerpt":{"rendered":"<p>Li\u010den set dveh stolov in mize iz lesa in pra\u0161no barvanega jekla. Ustvarjata prijetno in doma\u010de vzdu\u0161je na vsakemu dogodku.<\/p>","protected":false},"featured_media":7353,"comment_status":"closed","ping_status":"closed","template":"","meta":{"_monsterinsights_skip_tracking":false,"_monsterinsights_sitenote_active":false,"_monsterinsights_sitenote_note":"","_monsterinsights_sitenote_category":0},"product_brand":[],"product_cat":[117,36,322],"product_tag":[406,407,405,409,408],"class_list":{"0":"post-7352","1":"product","2":"type-product","3":"status-publish","4":"has-post-thumbnail","6":"product_cat-mize","7":"product_cat-stoli","8":"product_cat-vse","9":"product_tag-klasicni-set","10":"product_tag-set-stolov-in-mize","11":"product_tag-vrtni-set","12":"product_tag-vrtno-pohistvo","13":"product_tag-zunanje-pohistvo","15":"first","16":"instock","17":"shipping-taxable","18":"purchasable","19":"product-type-simple"},"_links":{"self":[{"href":"https:\/\/rent4event.si\/en\/wp-json\/wp\/v2\/product\/7352","targetHints":{"allow":["GET"]}}],"collection":[{"href":"https:\/\/rent4event.si\/en\/wp-json\/wp\/v2\/product"}],"about":[{"href":"https:\/\/rent4event.si\/en\/wp-json\/wp\/v2\/types\/product"}],"replies":[{"embeddable":true,"href":"https:\/\/rent4event.si\/en\/wp-json\/wp\/v2\/comments?post=7352"}],"version-history":[{"count":3,"href":"https:\/\/rent4event.si\/en\/wp-json\/wp\/v2\/product\/7352\/revisions"}],"predecessor-version":[{"id":8460,"href":"https:\/\/rent4event.si\/en\/wp-json\/wp\/v2\/product\/7352\/revisions\/8460"}],"wp:featuredmedia":[{"embeddable":true,"href":"https:\/\/rent4event.si\/en\/wp-json\/wp\/v2\/media\/7353"}],"wp:attachment":[{"href":"https:\/\/rent4event.si\/en\/wp-json\/wp\/v2\/media?parent=7352"}],"wp:term":[{"taxonomy":"product_brand","embeddable":true,"href":"https:\/\/rent4event.si\/en\/wp-json\/wp\/v2\/product_brand?post=7352"},{"taxonomy":"product_cat","embeddable":true,"href":"https:\/\/rent4event.si\/en\/wp-json\/wp\/v2\/product_cat?post=7352"},{"taxonomy":"product_tag","embeddable":true,"href":"https:\/\/rent4event.si\/en\/wp-json\/wp\/v2\/product_tag?post=7352"}],"curies":[{"name":"wp","href":"https:\/\/api.w.org\/{rel}","templated":true}]}}