{"id":7222,"date":"2024-02-02T08:14:52","date_gmt":"2024-02-02T08:14:52","guid":{"rendered":"https:\/\/rent4event.si\/?post_type=product&#038;p=7222"},"modified":"2024-02-26T11:03:27","modified_gmt":"2024-02-26T11:03:27","slug":"stol-crystal","status":"publish","type":"product","link":"https:\/\/rent4event.si\/en\/najem\/stoli\/stol-crystal\/","title":{"rendered":"Stol CRYSTAL"},"content":{"rendered":"<p>Design stoli Crystal\u00a0s svojo obliko in prozornim izgledom pritegne poglede na dogodku. Stol je izdelan iz prozornega polikarbonata in je primeren za notranjo ali zunanjo uporabo. Priporo\u010damo jih za dogodke, kjer \u017eelimo dolo\u010denim gostom ponuditi posebno vidno mesto.<\/p>","protected":false},"excerpt":{"rendered":"<p>Design stoli Crystal\u00a0s svojo obliko in prozornim izgledom pritegne poglede na dogodku. Stol je izdelan iz prozornega polikarbonata in je primeren za notranjo ali zunanjo uporabo. Priporo\u010damo jih za dogodke,&hellip; <a class=\"read-more-link\" href=\"https:\/\/rent4event.si\/en\/najem\/stoli\/stol-crystal\/\">Preberi ve\u010d<\/a><\/p>","protected":false},"featured_media":7223,"comment_status":"closed","ping_status":"closed","template":"","meta":{"_monsterinsights_skip_tracking":false,"_monsterinsights_sitenote_active":false,"_monsterinsights_sitenote_note":"","_monsterinsights_sitenote_category":0},"product_brand":[],"product_cat":[145,36,322],"product_tag":[379,380,381,378,382],"class_list":{"0":"post-7222","1":"product","2":"type-product","3":"status-publish","4":"has-post-thumbnail","6":"product_cat-elegantenq","7":"product_cat-stoli","8":"product_cat-vse","9":"product_tag-dizajnrski-stol","10":"product_tag-elganten-stol","11":"product_tag-polikarobnat-stol","12":"product_tag-poseben-stol","13":"product_tag-vrhunski-stol","15":"first","16":"instock","17":"shipping-taxable","18":"purchasable","19":"product-type-simple"},"_links":{"self":[{"href":"https:\/\/rent4event.si\/en\/wp-json\/wp\/v2\/product\/7222","targetHints":{"allow":["GET"]}}],"collection":[{"href":"https:\/\/rent4event.si\/en\/wp-json\/wp\/v2\/product"}],"about":[{"href":"https:\/\/rent4event.si\/en\/wp-json\/wp\/v2\/types\/product"}],"replies":[{"embeddable":true,"href":"https:\/\/rent4event.si\/en\/wp-json\/wp\/v2\/comments?post=7222"}],"version-history":[{"count":2,"href":"https:\/\/rent4event.si\/en\/wp-json\/wp\/v2\/product\/7222\/revisions"}],"predecessor-version":[{"id":7226,"href":"https:\/\/rent4event.si\/en\/wp-json\/wp\/v2\/product\/7222\/revisions\/7226"}],"wp:featuredmedia":[{"embeddable":true,"href":"https:\/\/rent4event.si\/en\/wp-json\/wp\/v2\/media\/7223"}],"wp:attachment":[{"href":"https:\/\/rent4event.si\/en\/wp-json\/wp\/v2\/media?parent=7222"}],"wp:term":[{"taxonomy":"product_brand","embeddable":true,"href":"https:\/\/rent4event.si\/en\/wp-json\/wp\/v2\/product_brand?post=7222"},{"taxonomy":"product_cat","embeddable":true,"href":"https:\/\/rent4event.si\/en\/wp-json\/wp\/v2\/product_cat?post=7222"},{"taxonomy":"product_tag","embeddable":true,"href":"https:\/\/rent4event.si\/en\/wp-json\/wp\/v2\/product_tag?post=7222"}],"curies":[{"name":"wp","href":"https:\/\/api.w.org\/{rel}","templated":true}]}}