{"id":7197,"date":"2024-02-01T21:13:58","date_gmt":"2024-02-01T21:13:58","guid":{"rendered":"https:\/\/rent4event.si\/?post_type=product&#038;p=7197"},"modified":"2025-08-26T05:21:21","modified_gmt":"2025-08-26T05:21:21","slug":"fotelj-enosed-kocka-rumen","status":"publish","type":"product","link":"https:\/\/rent4event.si\/en\/najem\/fotelji\/fotelj-enosed-kocka-rumen\/","title":{"rendered":"Fotelj Kocka (rumen)"},"content":{"rendered":"<p>Popestrite va\u0161 dogodek s KUBIKO foteljem v sodobnem videzu. Enosed nudi odli\u010dno oporo ledvenemu predelu ter ustvarja elegantno vzdu\u0161je.<\/p>","protected":false},"excerpt":{"rendered":"<p>Popestrite va\u0161 dogodek s KUBIKO foteljem v sodobnem videzu. Enosed nudi odli\u010dno oporo ledvenemu predelu ter ustvarja elegantno vzdu\u0161je.<\/p>","protected":false},"featured_media":7198,"comment_status":"closed","ping_status":"closed","template":"","meta":{"_monsterinsights_skip_tracking":false,"_monsterinsights_sitenote_active":false,"_monsterinsights_sitenote_note":"","_monsterinsights_sitenote_category":0},"product_brand":[],"product_cat":[145,37,322],"product_tag":[368,263,262,369,217],"class_list":{"0":"post-7197","1":"product","2":"type-product","3":"status-publish","4":"has-post-thumbnail","6":"product_cat-elegantenq","7":"product_cat-fotelji","8":"product_cat-vse","9":"product_tag-eleganten-fotelj","10":"product_tag-enosed","11":"product_tag-kavc","12":"product_tag-udoben-fotelj","13":"product_tag-zofa","15":"first","16":"instock","17":"shipping-taxable","18":"purchasable","19":"product-type-simple"},"_links":{"self":[{"href":"https:\/\/rent4event.si\/en\/wp-json\/wp\/v2\/product\/7197","targetHints":{"allow":["GET"]}}],"collection":[{"href":"https:\/\/rent4event.si\/en\/wp-json\/wp\/v2\/product"}],"about":[{"href":"https:\/\/rent4event.si\/en\/wp-json\/wp\/v2\/types\/product"}],"replies":[{"embeddable":true,"href":"https:\/\/rent4event.si\/en\/wp-json\/wp\/v2\/comments?post=7197"}],"version-history":[{"count":5,"href":"https:\/\/rent4event.si\/en\/wp-json\/wp\/v2\/product\/7197\/revisions"}],"predecessor-version":[{"id":10300,"href":"https:\/\/rent4event.si\/en\/wp-json\/wp\/v2\/product\/7197\/revisions\/10300"}],"wp:featuredmedia":[{"embeddable":true,"href":"https:\/\/rent4event.si\/en\/wp-json\/wp\/v2\/media\/7198"}],"wp:attachment":[{"href":"https:\/\/rent4event.si\/en\/wp-json\/wp\/v2\/media?parent=7197"}],"wp:term":[{"taxonomy":"product_brand","embeddable":true,"href":"https:\/\/rent4event.si\/en\/wp-json\/wp\/v2\/product_brand?post=7197"},{"taxonomy":"product_cat","embeddable":true,"href":"https:\/\/rent4event.si\/en\/wp-json\/wp\/v2\/product_cat?post=7197"},{"taxonomy":"product_tag","embeddable":true,"href":"https:\/\/rent4event.si\/en\/wp-json\/wp\/v2\/product_tag?post=7197"}],"curies":[{"name":"wp","href":"https:\/\/api.w.org\/{rel}","templated":true}]}}