{"id":7111,"date":"2024-02-01T09:36:57","date_gmt":"2024-02-01T09:36:57","guid":{"rendered":"https:\/\/rent4event.si\/?post_type=product&#038;p=7111"},"modified":"2026-04-17T08:21:26","modified_gmt":"2026-04-17T08:21:26","slug":"klubska-mizica-krokholmen","status":"publish","type":"product","link":"https:\/\/rent4event.si\/en\/najem\/mize\/klubska-mizica-krokholmen\/","title":{"rendered":"Klubska mizica NET 2"},"content":{"rendered":"<p>Preprosta klubska mizica v be\u017e barvi za prijetno dru\u017eenje ob vseh prilo\u017enostih. Elegantna mizica je narejena iz kovinske mre\u017ee, kar omogo\u010da odtekanje vode ob primeru de\u017eja. Idealna za skrite koti\u010dke za klepet na va\u0161em dogodku.<\/p>","protected":false},"excerpt":{"rendered":"<p>Preprosta klubska mizica v be\u017e barvi za prijetno dru\u017eenje ob vseh prilo\u017enostih. Elegantna mizica je narejena iz kovinske mre\u017ee, kar omogo\u010da odtekanje vode ob primeru de\u017eja. Idealna za skrite koti\u010dke&hellip; <a class=\"read-more-link\" href=\"https:\/\/rent4event.si\/en\/najem\/mize\/klubska-mizica-krokholmen\/\">Preberi ve\u010d<\/a><\/p>","protected":false},"featured_media":10356,"comment_status":"closed","ping_status":"closed","template":"","meta":{"_monsterinsights_skip_tracking":false,"_monsterinsights_sitenote_active":false,"_monsterinsights_sitenote_note":"","_monsterinsights_sitenote_category":0},"product_brand":[],"product_cat":[146,117,322],"product_tag":[358,356,357,234],"class_list":{"0":"post-7111","1":"product","2":"type-product","3":"status-publish","4":"has-post-thumbnail","6":"product_cat-minimalisticen","7":"product_cat-mize","8":"product_cat-vse","9":"product_tag-elegantna-mizica","10":"product_tag-klubska-mizica","11":"product_tag-mrezasta-mizica","12":"product_tag-nizka-mizica","14":"first","15":"instock","16":"shipping-taxable","17":"purchasable","18":"product-type-simple"},"_links":{"self":[{"href":"https:\/\/rent4event.si\/en\/wp-json\/wp\/v2\/product\/7111","targetHints":{"allow":["GET"]}}],"collection":[{"href":"https:\/\/rent4event.si\/en\/wp-json\/wp\/v2\/product"}],"about":[{"href":"https:\/\/rent4event.si\/en\/wp-json\/wp\/v2\/types\/product"}],"replies":[{"embeddable":true,"href":"https:\/\/rent4event.si\/en\/wp-json\/wp\/v2\/comments?post=7111"}],"version-history":[{"count":3,"href":"https:\/\/rent4event.si\/en\/wp-json\/wp\/v2\/product\/7111\/revisions"}],"predecessor-version":[{"id":8670,"href":"https:\/\/rent4event.si\/en\/wp-json\/wp\/v2\/product\/7111\/revisions\/8670"}],"wp:featuredmedia":[{"embeddable":true,"href":"https:\/\/rent4event.si\/en\/wp-json\/wp\/v2\/media\/10356"}],"wp:attachment":[{"href":"https:\/\/rent4event.si\/en\/wp-json\/wp\/v2\/media?parent=7111"}],"wp:term":[{"taxonomy":"product_brand","embeddable":true,"href":"https:\/\/rent4event.si\/en\/wp-json\/wp\/v2\/product_brand?post=7111"},{"taxonomy":"product_cat","embeddable":true,"href":"https:\/\/rent4event.si\/en\/wp-json\/wp\/v2\/product_cat?post=7111"},{"taxonomy":"product_tag","embeddable":true,"href":"https:\/\/rent4event.si\/en\/wp-json\/wp\/v2\/product_tag?post=7111"}],"curies":[{"name":"wp","href":"https:\/\/api.w.org\/{rel}","templated":true}]}}