{"id":7023,"date":"2024-01-31T19:41:49","date_gmt":"2024-01-31T19:41:49","guid":{"rendered":"https:\/\/rent4event.si\/?post_type=product&#038;p=7023"},"modified":"2024-03-07T20:16:42","modified_gmt":"2024-03-07T20:16:42","slug":"kongersna-miza","status":"publish","type":"product","link":"https:\/\/rent4event.si\/en\/najem\/mize\/kongersna-miza\/","title":{"rendered":"Kongresna miza"},"content":{"rendered":"<p>Pravokotne kongresne mize so primerne predvsem za kongrese, izobra\u017eevanja, predavanja ali konference. Na voljo so v dveh dimenzijah in sicer v dimenziji 120 x 80 cm ali 140 x 60 cm. Na voljo imamo tudi prte v beli ali \u010drni barvi. Podno\u017eje miz je zlo\u017eljivo, zato omogo\u010dajo enostaven transport in postavitev v lastni re\u017eiji.<\/p>","protected":false},"excerpt":{"rendered":"<p>Pravokotne kongresne mize so primerne predvsem za kongrese, izobra\u017eevanja, predavanja ali konference. Na voljo so v dveh dimenzijah in sicer v dimenziji 120 x 80 cm ali 140 x 60&hellip; <a class=\"read-more-link\" href=\"https:\/\/rent4event.si\/en\/najem\/mize\/kongersna-miza\/\">Preberi ve\u010d<\/a><\/p>","protected":false},"featured_media":7024,"comment_status":"closed","ping_status":"closed","template":"","meta":{"_monsterinsights_skip_tracking":false,"_monsterinsights_sitenote_active":false,"_monsterinsights_sitenote_note":"","_monsterinsights_sitenote_category":0},"product_brand":[],"product_cat":[143,117,322],"product_tag":[330,334,333,335,331,332],"class_list":{"0":"post-7023","1":"product","2":"type-product","3":"status-publish","4":"has-post-thumbnail","6":"product_cat-industrijski","7":"product_cat-mize","8":"product_cat-vse","9":"product_tag-kongresna-miza","10":"product_tag-miza-za-dogodke","11":"product_tag-miza-za-evente","12":"product_tag-prakticna-miza","13":"product_tag-preklopna-miza","14":"product_tag-univerzalna-miza","16":"first","17":"instock","18":"shipping-taxable","19":"purchasable","20":"product-type-simple"},"_links":{"self":[{"href":"https:\/\/rent4event.si\/en\/wp-json\/wp\/v2\/product\/7023","targetHints":{"allow":["GET"]}}],"collection":[{"href":"https:\/\/rent4event.si\/en\/wp-json\/wp\/v2\/product"}],"about":[{"href":"https:\/\/rent4event.si\/en\/wp-json\/wp\/v2\/types\/product"}],"replies":[{"embeddable":true,"href":"https:\/\/rent4event.si\/en\/wp-json\/wp\/v2\/comments?post=7023"}],"version-history":[{"count":2,"href":"https:\/\/rent4event.si\/en\/wp-json\/wp\/v2\/product\/7023\/revisions"}],"predecessor-version":[{"id":8675,"href":"https:\/\/rent4event.si\/en\/wp-json\/wp\/v2\/product\/7023\/revisions\/8675"}],"wp:featuredmedia":[{"embeddable":true,"href":"https:\/\/rent4event.si\/en\/wp-json\/wp\/v2\/media\/7024"}],"wp:attachment":[{"href":"https:\/\/rent4event.si\/en\/wp-json\/wp\/v2\/media?parent=7023"}],"wp:term":[{"taxonomy":"product_brand","embeddable":true,"href":"https:\/\/rent4event.si\/en\/wp-json\/wp\/v2\/product_brand?post=7023"},{"taxonomy":"product_cat","embeddable":true,"href":"https:\/\/rent4event.si\/en\/wp-json\/wp\/v2\/product_cat?post=7023"},{"taxonomy":"product_tag","embeddable":true,"href":"https:\/\/rent4event.si\/en\/wp-json\/wp\/v2\/product_tag?post=7023"}],"curies":[{"name":"wp","href":"https:\/\/api.w.org\/{rel}","templated":true}]}}