{"id":7011,"date":"2024-01-31T19:01:06","date_gmt":"2024-01-31T19:01:06","guid":{"rendered":"https:\/\/rent4event.si\/?post_type=product&#038;p=7011"},"modified":"2024-02-26T11:07:07","modified_gmt":"2024-02-26T11:07:07","slug":"stol-rex-crn","status":"publish","type":"product","link":"https:\/\/rent4event.si\/en\/najem\/stoli\/stol-rex-crn\/","title":{"rendered":"Stol REX (\u010drn)"},"content":{"rendered":"<p>Rex stoli so delo slovenskega arhitekta Nika Kralja. Zgodba se je za\u010dela \u017ee leta 1950, ko je Niko Kralj oblikoval inovativen, funkcionalen in vizualno privla\u010den stol, ki ga je mo\u017eno zlo\u017eiti. Na voljo so v \u010drni in natur barvi. Zaradi mo\u017enosti zlaganja omogo\u010dajo enostaven transport in postavitev v lastni re\u017eiji.<\/p>","protected":false},"excerpt":{"rendered":"<p>Rex stoli so delo slovenskega arhitekta Nika Kralja. Zgodba se je za\u010dela \u017ee leta 1950, ko je Niko Kralj oblikoval inovativen, funkcionalen in vizualno privla\u010den stol, ki ga je mo\u017eno&hellip; <a class=\"read-more-link\" href=\"https:\/\/rent4event.si\/en\/najem\/stoli\/stol-rex-crn\/\">Preberi ve\u010d<\/a><\/p>","protected":false},"featured_media":7012,"comment_status":"closed","ping_status":"closed","template":"","meta":{"_monsterinsights_skip_tracking":false,"_monsterinsights_sitenote_active":false,"_monsterinsights_sitenote_note":"","_monsterinsights_sitenote_category":0},"product_brand":[],"product_cat":[144,36,322],"product_tag":[329,318,328,327,258,219],"class_list":{"0":"post-7011","1":"product","2":"type-product","3":"status-publish","4":"has-post-thumbnail","6":"product_cat-retro","7":"product_cat-stoli","8":"product_cat-vse","9":"product_tag-jugoslavija","10":"product_tag-niko-kralj","11":"product_tag-retro-stol","12":"product_tag-rex-stol","13":"product_tag-stol-kamnik","14":"product_tag-vintage","16":"first","17":"instock","18":"shipping-taxable","19":"purchasable","20":"product-type-simple"},"_links":{"self":[{"href":"https:\/\/rent4event.si\/en\/wp-json\/wp\/v2\/product\/7011","targetHints":{"allow":["GET"]}}],"collection":[{"href":"https:\/\/rent4event.si\/en\/wp-json\/wp\/v2\/product"}],"about":[{"href":"https:\/\/rent4event.si\/en\/wp-json\/wp\/v2\/types\/product"}],"replies":[{"embeddable":true,"href":"https:\/\/rent4event.si\/en\/wp-json\/wp\/v2\/comments?post=7011"}],"version-history":[{"count":1,"href":"https:\/\/rent4event.si\/en\/wp-json\/wp\/v2\/product\/7011\/revisions"}],"predecessor-version":[{"id":7019,"href":"https:\/\/rent4event.si\/en\/wp-json\/wp\/v2\/product\/7011\/revisions\/7019"}],"wp:featuredmedia":[{"embeddable":true,"href":"https:\/\/rent4event.si\/en\/wp-json\/wp\/v2\/media\/7012"}],"wp:attachment":[{"href":"https:\/\/rent4event.si\/en\/wp-json\/wp\/v2\/media?parent=7011"}],"wp:term":[{"taxonomy":"product_brand","embeddable":true,"href":"https:\/\/rent4event.si\/en\/wp-json\/wp\/v2\/product_brand?post=7011"},{"taxonomy":"product_cat","embeddable":true,"href":"https:\/\/rent4event.si\/en\/wp-json\/wp\/v2\/product_cat?post=7011"},{"taxonomy":"product_tag","embeddable":true,"href":"https:\/\/rent4event.si\/en\/wp-json\/wp\/v2\/product_tag?post=7011"}],"curies":[{"name":"wp","href":"https:\/\/api.w.org\/{rel}","templated":true}]}}