{"id":6914,"date":"2024-01-30T22:50:37","date_gmt":"2024-01-30T22:50:37","guid":{"rendered":"https:\/\/rent4event.si\/?post_type=product&#038;p=6914"},"modified":"2024-03-24T20:10:56","modified_gmt":"2024-03-24T20:10:56","slug":"stol-tolix-stlye","status":"publish","type":"product","link":"https:\/\/rent4event.si\/en\/najem\/stoli\/stol-tolix-stlye\/","title":{"rendered":"Stol TOLIX STYLE"},"content":{"rendered":"<p>Stil Tolix stola je bil \u017ee zasnovan v Franciji v 1930-ih, je danes po vsem svetu \u0161e vedno znan in priljubljen. Kombinacija ne\u017ene oblike in trpe\u017enega jekla daje temu \u010dasovno preizku\u0161enemu dizajnu sodobno in privla\u010dno estetiko.<\/p>","protected":false},"excerpt":{"rendered":"<p>Stil Tolix stola je bil \u017ee zasnovan v Franciji v 1930-ih, je danes po vsem svetu \u0161e vedno znan in priljubljen. Kombinacija ne\u017ene oblike in trpe\u017enega jekla daje temu \u010dasovno&hellip; <a class=\"read-more-link\" href=\"https:\/\/rent4event.si\/en\/najem\/stoli\/stol-tolix-stlye\/\">Preberi ve\u010d<\/a><\/p>","protected":false},"featured_media":6915,"comment_status":"closed","ping_status":"closed","template":"","meta":{"_monsterinsights_skip_tracking":false,"_monsterinsights_sitenote_active":false,"_monsterinsights_sitenote_note":"","_monsterinsights_sitenote_category":0},"product_brand":[],"product_cat":[143,144,36,322],"product_tag":[285,284,218,219],"class_list":{"0":"post-6914","1":"product","2":"type-product","3":"status-publish","4":"has-post-thumbnail","6":"product_cat-industrijski","7":"product_cat-retro","8":"product_cat-stoli","9":"product_cat-vse","10":"product_tag-brezscasni-stol","11":"product_tag-kovinski-stol","12":"product_tag-retro","13":"product_tag-vintage","15":"first","16":"instock","17":"shipping-taxable","18":"purchasable","19":"product-type-simple"},"_links":{"self":[{"href":"https:\/\/rent4event.si\/en\/wp-json\/wp\/v2\/product\/6914","targetHints":{"allow":["GET"]}}],"collection":[{"href":"https:\/\/rent4event.si\/en\/wp-json\/wp\/v2\/product"}],"about":[{"href":"https:\/\/rent4event.si\/en\/wp-json\/wp\/v2\/types\/product"}],"replies":[{"embeddable":true,"href":"https:\/\/rent4event.si\/en\/wp-json\/wp\/v2\/comments?post=6914"}],"version-history":[{"count":2,"href":"https:\/\/rent4event.si\/en\/wp-json\/wp\/v2\/product\/6914\/revisions"}],"predecessor-version":[{"id":6919,"href":"https:\/\/rent4event.si\/en\/wp-json\/wp\/v2\/product\/6914\/revisions\/6919"}],"wp:featuredmedia":[{"embeddable":true,"href":"https:\/\/rent4event.si\/en\/wp-json\/wp\/v2\/media\/6915"}],"wp:attachment":[{"href":"https:\/\/rent4event.si\/en\/wp-json\/wp\/v2\/media?parent=6914"}],"wp:term":[{"taxonomy":"product_brand","embeddable":true,"href":"https:\/\/rent4event.si\/en\/wp-json\/wp\/v2\/product_brand?post=6914"},{"taxonomy":"product_cat","embeddable":true,"href":"https:\/\/rent4event.si\/en\/wp-json\/wp\/v2\/product_cat?post=6914"},{"taxonomy":"product_tag","embeddable":true,"href":"https:\/\/rent4event.si\/en\/wp-json\/wp\/v2\/product_tag?post=6914"}],"curies":[{"name":"wp","href":"https:\/\/api.w.org\/{rel}","templated":true}]}}