{"id":6871,"date":"2024-01-30T21:41:41","date_gmt":"2024-01-30T21:41:41","guid":{"rendered":"https:\/\/rent4event.si\/?post_type=product&#038;p=6871"},"modified":"2024-02-26T11:09:23","modified_gmt":"2024-02-26T11:09:23","slug":"fotelj-enosed-cubo","status":"publish","type":"product","link":"https:\/\/rent4event.si\/en\/najem\/fotelji\/fotelj-enosed-cubo\/","title":{"rendered":"Fotelj CUBO"},"content":{"rendered":"<p>Udoben minimalisti\u010dni enosed iz umetnega usnja ustvarja prijetno vzdu\u0161je v prostoru. Sodoben dizajn, preproste linije in udoben sede\u017e naredijo ta enosed funkcionalen in estetsko privla\u010den.<\/p>","protected":false},"excerpt":{"rendered":"<p>Udoben minimalisti\u010dni enosed iz umetnega usnja ustvarja prijetno vzdu\u0161je v prostoru. Sodoben dizajn, preproste linije in udoben sede\u017e naredijo ta enosed funkcionalen in estetsko privla\u010den.<\/p>","protected":false},"featured_media":6872,"comment_status":"closed","ping_status":"closed","template":"","meta":{"_monsterinsights_skip_tracking":false,"_monsterinsights_sitenote_active":false,"_monsterinsights_sitenote_note":"","_monsterinsights_sitenote_category":0},"product_brand":[],"product_cat":[37,146,322],"product_tag":[259,263,262,260,261,217],"class_list":{"0":"post-6871","1":"product","2":"type-product","3":"status-publish","4":"has-post-thumbnail","6":"product_cat-fotelji","7":"product_cat-minimalisticen","8":"product_cat-vse","9":"product_tag-cubo","10":"product_tag-enosed","11":"product_tag-kavc","12":"product_tag-minimalisticni-fotelj","13":"product_tag-sofa","14":"product_tag-zofa","16":"first","17":"instock","18":"shipping-taxable","19":"purchasable","20":"product-type-simple"},"_links":{"self":[{"href":"https:\/\/rent4event.si\/en\/wp-json\/wp\/v2\/product\/6871","targetHints":{"allow":["GET"]}}],"collection":[{"href":"https:\/\/rent4event.si\/en\/wp-json\/wp\/v2\/product"}],"about":[{"href":"https:\/\/rent4event.si\/en\/wp-json\/wp\/v2\/types\/product"}],"replies":[{"embeddable":true,"href":"https:\/\/rent4event.si\/en\/wp-json\/wp\/v2\/comments?post=6871"}],"version-history":[{"count":2,"href":"https:\/\/rent4event.si\/en\/wp-json\/wp\/v2\/product\/6871\/revisions"}],"predecessor-version":[{"id":8694,"href":"https:\/\/rent4event.si\/en\/wp-json\/wp\/v2\/product\/6871\/revisions\/8694"}],"wp:featuredmedia":[{"embeddable":true,"href":"https:\/\/rent4event.si\/en\/wp-json\/wp\/v2\/media\/6872"}],"wp:attachment":[{"href":"https:\/\/rent4event.si\/en\/wp-json\/wp\/v2\/media?parent=6871"}],"wp:term":[{"taxonomy":"product_brand","embeddable":true,"href":"https:\/\/rent4event.si\/en\/wp-json\/wp\/v2\/product_brand?post=6871"},{"taxonomy":"product_cat","embeddable":true,"href":"https:\/\/rent4event.si\/en\/wp-json\/wp\/v2\/product_cat?post=6871"},{"taxonomy":"product_tag","embeddable":true,"href":"https:\/\/rent4event.si\/en\/wp-json\/wp\/v2\/product_tag?post=6871"}],"curies":[{"name":"wp","href":"https:\/\/api.w.org\/{rel}","templated":true}]}}