{"id":6858,"date":"2024-01-30T21:35:35","date_gmt":"2024-01-30T21:35:35","guid":{"rendered":"https:\/\/rent4event.si\/?post_type=product&#038;p=6858"},"modified":"2024-03-07T19:56:40","modified_gmt":"2024-03-07T19:56:40","slug":"lounge-stol-gnezdo","status":"publish","type":"product","link":"https:\/\/rent4event.si\/en\/najem\/stoli\/lounge-stol-gnezdo\/","title":{"rendered":"Lounge GNEZDO"},"content":{"rendered":"<p>Lounge stol Gnezdo je namenjen oblikovanju prijetnega koti\u010dka za klepet na va\u0161em dogodku. Mo\u017enost osebnega prevzema.<\/p>","protected":false},"excerpt":{"rendered":"<p>Lounge stol Gnezdo je namenjen oblikovanju prijetnega koti\u010dka za klepet na va\u0161em dogodku. Mo\u017enost osebnega prevzema.<\/p>","protected":false},"featured_media":8491,"comment_status":"closed","ping_status":"closed","template":"","meta":{"_monsterinsights_skip_tracking":false,"_monsterinsights_sitenote_active":false,"_monsterinsights_sitenote_note":"","_monsterinsights_sitenote_category":0},"product_brand":[],"product_cat":[145,37,146,36,322],"product_tag":[252,250,253,251],"class_list":{"0":"post-6858","1":"product","2":"type-product","3":"status-publish","4":"has-post-thumbnail","6":"product_cat-elegantenq","7":"product_cat-fotelji","8":"product_cat-minimalisticen","9":"product_cat-stoli","10":"product_cat-vse","11":"product_tag-gnezdo-stol","12":"product_tag-longe-stol","13":"product_tag-pocivalnik","14":"product_tag-stol-za-sprostitev","16":"first","17":"instock","18":"shipping-taxable","19":"purchasable","20":"product-type-simple"},"_links":{"self":[{"href":"https:\/\/rent4event.si\/en\/wp-json\/wp\/v2\/product\/6858","targetHints":{"allow":["GET"]}}],"collection":[{"href":"https:\/\/rent4event.si\/en\/wp-json\/wp\/v2\/product"}],"about":[{"href":"https:\/\/rent4event.si\/en\/wp-json\/wp\/v2\/types\/product"}],"replies":[{"embeddable":true,"href":"https:\/\/rent4event.si\/en\/wp-json\/wp\/v2\/comments?post=6858"}],"version-history":[{"count":2,"href":"https:\/\/rent4event.si\/en\/wp-json\/wp\/v2\/product\/6858\/revisions"}],"predecessor-version":[{"id":8702,"href":"https:\/\/rent4event.si\/en\/wp-json\/wp\/v2\/product\/6858\/revisions\/8702"}],"wp:featuredmedia":[{"embeddable":true,"href":"https:\/\/rent4event.si\/en\/wp-json\/wp\/v2\/media\/8491"}],"wp:attachment":[{"href":"https:\/\/rent4event.si\/en\/wp-json\/wp\/v2\/media?parent=6858"}],"wp:term":[{"taxonomy":"product_brand","embeddable":true,"href":"https:\/\/rent4event.si\/en\/wp-json\/wp\/v2\/product_brand?post=6858"},{"taxonomy":"product_cat","embeddable":true,"href":"https:\/\/rent4event.si\/en\/wp-json\/wp\/v2\/product_cat?post=6858"},{"taxonomy":"product_tag","embeddable":true,"href":"https:\/\/rent4event.si\/en\/wp-json\/wp\/v2\/product_tag?post=6858"}],"curies":[{"name":"wp","href":"https:\/\/api.w.org\/{rel}","templated":true}]}}