{"id":6843,"date":"2024-01-30T21:07:26","date_gmt":"2024-01-30T21:07:26","guid":{"rendered":"https:\/\/rent4event.si\/?post_type=product&#038;p=6843"},"modified":"2024-02-26T11:09:46","modified_gmt":"2024-02-26T11:09:46","slug":"barski-okrogel-stol","status":"publish","type":"product","link":"https:\/\/rent4event.si\/en\/najem\/barski-stoli\/barski-okrogel-stol\/","title":{"rendered":"Barski okrogel stol"},"content":{"rendered":"<p>Okrogli barski stoli predstavljajo visoke stole, primerne za uporabo z barskimi mizami ter za postavitev ob pultih ali \u0161ankih. Mo\u017eno jih je nastavljati po vi\u0161ini. Omogo\u010dajo enostaven transport in postavitev v lastni re\u017eiji.<\/p>","protected":false},"excerpt":{"rendered":"<p>Okrogli barski stoli predstavljajo visoke stole, primerne za uporabo z barskimi mizami ter za postavitev ob pultih ali \u0161ankih. Mo\u017eno jih je nastavljati po vi\u0161ini. Omogo\u010dajo enostaven transport in postavitev&hellip; <a class=\"read-more-link\" href=\"https:\/\/rent4event.si\/en\/najem\/barski-stoli\/barski-okrogel-stol\/\">Preberi ve\u010d<\/a><\/p>","protected":false},"featured_media":6844,"comment_status":"closed","ping_status":"closed","template":"","meta":{"_monsterinsights_skip_tracking":false,"_monsterinsights_sitenote_active":false,"_monsterinsights_sitenote_note":"","_monsterinsights_sitenote_category":0},"product_brand":[],"product_cat":[85,145,322],"product_tag":[226,233,242,243,227],"class_list":{"0":"post-6843","1":"product","2":"type-product","3":"status-publish","4":"has-post-thumbnail","6":"product_cat-barski-stoli","7":"product_cat-elegantenq","8":"product_cat-vse","9":"product_tag-barski-stol","10":"product_tag-kovinski","11":"product_tag-nastavljiv","12":"product_tag-okrogel","13":"product_tag-stolcek","15":"first","16":"instock","17":"shipping-taxable","18":"purchasable","19":"product-type-simple"},"_links":{"self":[{"href":"https:\/\/rent4event.si\/en\/wp-json\/wp\/v2\/product\/6843","targetHints":{"allow":["GET"]}}],"collection":[{"href":"https:\/\/rent4event.si\/en\/wp-json\/wp\/v2\/product"}],"about":[{"href":"https:\/\/rent4event.si\/en\/wp-json\/wp\/v2\/types\/product"}],"replies":[{"embeddable":true,"href":"https:\/\/rent4event.si\/en\/wp-json\/wp\/v2\/comments?post=6843"}],"version-history":[{"count":1,"href":"https:\/\/rent4event.si\/en\/wp-json\/wp\/v2\/product\/6843\/revisions"}],"predecessor-version":[{"id":6845,"href":"https:\/\/rent4event.si\/en\/wp-json\/wp\/v2\/product\/6843\/revisions\/6845"}],"wp:featuredmedia":[{"embeddable":true,"href":"https:\/\/rent4event.si\/en\/wp-json\/wp\/v2\/media\/6844"}],"wp:attachment":[{"href":"https:\/\/rent4event.si\/en\/wp-json\/wp\/v2\/media?parent=6843"}],"wp:term":[{"taxonomy":"product_brand","embeddable":true,"href":"https:\/\/rent4event.si\/en\/wp-json\/wp\/v2\/product_brand?post=6843"},{"taxonomy":"product_cat","embeddable":true,"href":"https:\/\/rent4event.si\/en\/wp-json\/wp\/v2\/product_cat?post=6843"},{"taxonomy":"product_tag","embeddable":true,"href":"https:\/\/rent4event.si\/en\/wp-json\/wp\/v2\/product_tag?post=6843"}],"curies":[{"name":"wp","href":"https:\/\/api.w.org\/{rel}","templated":true}]}}