{"id":6497,"date":"2024-01-27T18:14:11","date_gmt":"2024-01-27T18:14:11","guid":{"rendered":"https:\/\/rent4event.si\/?page_id=6497"},"modified":"2025-03-20T08:27:10","modified_gmt":"2025-03-20T08:27:10","slug":"partnerji-in-reference","status":"publish","type":"page","link":"https:\/\/rent4event.si\/en\/partnerji-in-reference\/","title":{"rendered":"REFERENCE"},"content":{"rendered":"<div data-elementor-type=\"wp-page\" data-elementor-id=\"6497\" class=\"elementor elementor-6497\">\n\t\t\t\t<div class=\"elementor-element elementor-element-b9ce100 e-flex e-con-boxed e-con e-parent\" data-id=\"b9ce100\" data-element_type=\"container\" data-e-type=\"container\">\n\t\t\t\t\t<div class=\"e-con-inner\">\n\t\t\t\t<div class=\"elementor-element elementor-element-b045fe8 text-left-top elementor-widget elementor-widget-ts-banner\" data-id=\"b045fe8\" data-element_type=\"widget\" data-e-type=\"widget\" data-widget_type=\"ts-banner.default\">\n\t\t\t\t<div class=\"elementor-widget-container\">\n\t\t\t\t\t\t\t<div class=\"ts-banner eff-zoom-in description-bottom\">\n\t\t\t<div class=\"banner-wrapper\">\n\t\t\t\n\t\t\t\t\t\t\t\t\t\n\t\t\t\t<div class=\"banner-bg\">\n\t\t\t\t\t<div class=\"bg-content\">\n\t\t\t\t\t\t\t\t\t\t\t\t\t\t\t\t\t<\/div>\n\t\t\t\t<\/div>\n\t\t\t\t\t\t\t\n\t\t\t\t<div class=\"box-content\">\n\t\t\t\t\t\t\t\t\t\t\n\t\t\t\t\t\t\t\t\t\t\n\t\t\t\t\t\t\t\t\t<\/div>\n\t\t\t\t\n\t\t\t<\/div>\n\t\t<\/div>\n\t\t\t\t\t\t<\/div>\n\t\t\t\t<\/div>\n\t\t\t\t<div class=\"elementor-element elementor-element-8e38d34 title-align-left elementor-widget elementor-widget-ts-blogs\" data-id=\"8e38d34\" data-element_type=\"widget\" data-e-type=\"widget\" data-widget_type=\"ts-blogs.default\">\n\t\t\t\t<div class=\"elementor-widget-container\">\n\t\t\t\t\t\t\t\t<div class=\"ts-blogs-wrapper ts-shortcode ts-blogs columns-3 style-grid item-grid\" data-atts=\"{&quot;layout&quot;:&quot;grid&quot;,&quot;columns&quot;:3,&quot;categories&quot;:&quot;&quot;,&quot;limit&quot;:&quot;&quot;,&quot;orderby&quot;:&quot;date&quot;,&quot;order&quot;:&quot;DESC&quot;,&quot;show_title&quot;:&quot;1&quot;,&quot;show_thumbnail&quot;:&quot;1&quot;,&quot;show_author&quot;:&quot;&quot;,&quot;show_categories&quot;:&quot;&quot;,&quot;show_date&quot;:&quot;&quot;,&quot;show_comment&quot;:&quot;0&quot;,&quot;show_excerpt&quot;:&quot;1&quot;,&quot;show_readmore&quot;:&quot;1&quot;,&quot;excerpt_words&quot;:36,&quot;is_slider&quot;:0,&quot;show_nav&quot;:null,&quot;auto_play&quot;:null,&quot;is_masonry&quot;:0,&quot;show_load_more&quot;:0}\" >\n\t\t\t\t\t\t\t\t\n\t\t\t\t<div class=\"content-wrapper\">\n\t\t\t\t\t<div class=\"blogs items\">\n\t\t\t\t\t\t\t\t\t\t<article class=\"item has-post-thumbnail nav-middle gallery\">\n\t\t\t\t\t\n\t\t\t\t\t\t\t\t\t\t\t<div class=\"article-content\">\n\t\t\t\t\t\t\t<div class=\"thumbnail-content\">\n\t\t\t\t\t\t\t\t\t\t\t\t\t\t\t\t\t\t<a class=\"thumbnail gallery loading ts-slider\" href=\"https:\/\/rent4event.si\/en\/otvotitev_poslovnih_prostorov\/\" data-dots=\"1\">\n\t\t\t\t\t\t\t\t\t\t\t<figure>\n\t\t\t\t\t\t\t\t\t\t\t<img fetchpriority=\"high\" decoding=\"async\" width=\"1174\" height=\"862\" src=\"https:\/\/rent4event.si\/wp-content\/uploads\/2025\/03\/plan-net_kamnik_pod_krimom_23.10.2024-9-1174x862.jpg\" class=\"attachment-nooni_blog_thumb size-nooni_blog_thumb\" alt=\"\" srcset=\"https:\/\/rent4event.si\/wp-content\/uploads\/2025\/03\/plan-net_kamnik_pod_krimom_23.10.2024-9-1174x862.jpg 1174w, https:\/\/rent4event.si\/wp-content\/uploads\/2025\/03\/plan-net_kamnik_pod_krimom_23.10.2024-9-18x12.jpg 18w\" sizes=\"(max-width: 1174px) 100vw, 1174px\" \/>\t\t\t\t\t\t\t\t\t\t\t<\/figure>\n\t\t\t\t\t\t\t\t\t\t<\/a>\n\t\t\t\t\t\t\t\t\t\t\t\t\t\t\t\t<\/div>\n\t\t\t\t\t\t\t\n\t\t\t\t\t\t\t<div class=\"entry-content\">\n\t\t\t\t\t\t\t\t<div class=\"entry-meta-top\">\n\t\t\t\t\t\t\t\n\t\t\t\t\t\t\t\t\t\t\t\t\t\t\t\t\t\n\t\t\t\t\t\t\t\t\t\t\t\t\t\t\t\t\t\t\n\t\t\t\t\t\t\t\t\t\t\t\t\t\t\t\t\t\t\n\t\t\t\t\t\t\t\t\t\t\t\t\t\t\t\t\t\t\n\t\t\t\t\t\t\t\t<\/div>\n\t\t\t\t\t\t\t\t\n\t\t\t\t\t\t\t\t<header>\n\t\t\t\t\t\t\t\t\t\t\t\t\t\t\t\t\t\t<h4 class=\"heading-title entry-title\">\n\t\t\t\t\t\t\t\t\t\t<a class=\"post-title\" href=\"https:\/\/rent4event.si\/en\/otvotitev_poslovnih_prostorov\/\">Otvoritev poslovnih prostorov<\/a>\n\t\t\t\t\t\t\t\t\t<\/h4>\n\t\t\t\t\t\t\t\t\t\t\t\t\t\t\t\t\t<\/header>\n\t\t\t\t\t\t\t\t\n\t\t\t\t\t\t\t\t\t\t\t\t\t\t\t\t<div class=\"excerpt\">Eleganca, presti\u017e in skrbno oblikovan prostor Za ugledno slovensko podjetje, ki zastopa priznane kitajske avtomobilske znamke, smo ob otvoritvi novega avtosalona ustvarili dovr\u0161eno okolje. Prostore smo opremili s skrbno izbranim&hellip; Preberi ve\u010d<\/div>\n\t\t\t\t\t\t\t\t\n\t\t\t\t\t\t\t\t\t\t\t\t\t\t\t\t<div class=\"entry-meta-bottom\">\n\t\t\t\t\t\t\t\t\t<a class=\"button-readmore\" href=\"https:\/\/rent4event.si\/en\/otvotitev_poslovnih_prostorov\/\">Read more<\/a>\n\t\t\t\t\t\t\t\t<\/div>\n\t\t\t\t\t\t\t\t\t\t\t\t\t\t\t<\/div>\n\t\t\t\t\t\t\t\n\t\t\t\t\t\t<\/div>\n\t\t\t\t\t\t\t\n\t\t\t\t\t\t\t\t\t\t<\/article>\n\t\t\t\t\t\t\t\t<article class=\"item has-post-thumbnail nav-middle gallery\">\n\t\t\t\t\t\n\t\t\t\t\t\t\t\t\t\t\t<div class=\"article-content\">\n\t\t\t\t\t\t\t<div class=\"thumbnail-content\">\n\t\t\t\t\t\t\t\t\t\t\t\t\t\t\t\t\t\t<a class=\"thumbnail gallery loading ts-slider\" href=\"https:\/\/rent4event.si\/en\/oi-pariz-2024\/\" data-dots=\"1\">\n\t\t\t\t\t\t\t\t\t\t\t<figure>\n\t\t\t\t\t\t\t\t\t\t\t<img decoding=\"async\" width=\"1174\" height=\"862\" src=\"https:\/\/rent4event.si\/wp-content\/uploads\/2025\/03\/SH_20240728_fAF_02-1-1-1174x862.jpg\" class=\"attachment-nooni_blog_thumb size-nooni_blog_thumb\" alt=\"\" srcset=\"https:\/\/rent4event.si\/wp-content\/uploads\/2025\/03\/SH_20240728_fAF_02-1-1-1174x862.jpg 1174w, https:\/\/rent4event.si\/wp-content\/uploads\/2025\/03\/SH_20240728_fAF_02-1-1-18x12.jpg 18w\" sizes=\"(max-width: 1174px) 100vw, 1174px\" \/>\t\t\t\t\t\t\t\t\t\t\t<\/figure>\n\t\t\t\t\t\t\t\t\t\t<\/a>\n\t\t\t\t\t\t\t\t\t\t\t\t\t\t\t\t<\/div>\n\t\t\t\t\t\t\t\n\t\t\t\t\t\t\t<div class=\"entry-content\">\n\t\t\t\t\t\t\t\t<div class=\"entry-meta-top\">\n\t\t\t\t\t\t\t\n\t\t\t\t\t\t\t\t\t\t\t\t\t\t\t\t\t\n\t\t\t\t\t\t\t\t\t\t\t\t\t\t\t\t\t\t\n\t\t\t\t\t\t\t\t\t\t\t\t\t\t\t\t\t\t\n\t\t\t\t\t\t\t\t\t\t\t\t\t\t\t\t\t\t\n\t\t\t\t\t\t\t\t<\/div>\n\t\t\t\t\t\t\t\t\n\t\t\t\t\t\t\t\t<header>\n\t\t\t\t\t\t\t\t\t\t\t\t\t\t\t\t\t\t<h4 class=\"heading-title entry-title\">\n\t\t\t\t\t\t\t\t\t\t<a class=\"post-title\" href=\"https:\/\/rent4event.si\/en\/oi-pariz-2024\/\">Olimpijske igre Pariz 2024 &#8211; Slovenska hi\u0161a<\/a>\n\t\t\t\t\t\t\t\t\t<\/h4>\n\t\t\t\t\t\t\t\t\t\t\t\t\t\t\t\t\t<\/header>\n\t\t\t\t\t\t\t\t\n\t\t\t\t\t\t\t\t\t\t\t\t\t\t\t\t<div class=\"excerpt\">Del\u010dek Slovenije v Franciji Na Olimpijskih igrah 2024 v Parizu v Franciji smo poskrbeli za ureditev Slovenske hi\u0161e. S skrbno izbranim pohi\u0161tvom in dekoracijo smo na\u0161im tekmovalcem in navija\u010dem posku\u0161ali&hellip; Preberi ve\u010d<\/div>\n\t\t\t\t\t\t\t\t\n\t\t\t\t\t\t\t\t\t\t\t\t\t\t\t\t<div class=\"entry-meta-bottom\">\n\t\t\t\t\t\t\t\t\t<a class=\"button-readmore\" href=\"https:\/\/rent4event.si\/en\/oi-pariz-2024\/\">Read more<\/a>\n\t\t\t\t\t\t\t\t<\/div>\n\t\t\t\t\t\t\t\t\t\t\t\t\t\t\t<\/div>\n\t\t\t\t\t\t\t\n\t\t\t\t\t\t<\/div>\n\t\t\t\t\t\t\t\n\t\t\t\t\t\t\t\t\t\t<\/article>\n\t\t\t\t\t\t\t\t<article class=\"item has-post-thumbnail\">\n\t\t\t\t\t\n\t\t\t\t\t\t\t\t\t\t\t<div class=\"article-content\">\n\t\t\t\t\t\t\t<div class=\"thumbnail-content\">\n\t\t\t\t\t\t\t\t\t\t\t\t\t\t\t\t\t\t<a class=\"thumbnail\" href=\"https:\/\/rent4event.si\/en\/fis-svetovno-prvenstvo-v-nordijskem-smucanju\/\" >\n\t\t\t\t\t\t\t\t\t\t\t<figure>\n\t\t\t\t\t\t\t\t\t\t\t<img decoding=\"async\" width=\"1174\" height=\"862\" src=\"https:\/\/rent4event.si\/wp-content\/uploads\/2024\/03\/FIS2024d-min-1174x862.jpg\" class=\"attachment-nooni_blog_thumb size-nooni_blog_thumb wp-post-image\" alt=\"\" srcset=\"https:\/\/rent4event.si\/wp-content\/uploads\/2024\/03\/FIS2024d-min-1174x862.jpg 1174w, https:\/\/rent4event.si\/wp-content\/uploads\/2024\/03\/FIS2024d-min-18x12.jpg 18w\" sizes=\"(max-width: 1174px) 100vw, 1174px\" \/>\t\t\t\t\t\t\t\t\t\t\t<\/figure>\n\t\t\t\t\t\t\t\t\t\t<\/a>\n\t\t\t\t\t\t\t\t\t\t\t\t\t\t\t\t<\/div>\n\t\t\t\t\t\t\t\n\t\t\t\t\t\t\t<div class=\"entry-content\">\n\t\t\t\t\t\t\t\t<div class=\"entry-meta-top\">\n\t\t\t\t\t\t\t\n\t\t\t\t\t\t\t\t\t\t\t\t\t\t\t\t\t\n\t\t\t\t\t\t\t\t\t\t\t\t\t\t\t\t\t\t\n\t\t\t\t\t\t\t\t\t\t\t\t\t\t\t\t\t\t\n\t\t\t\t\t\t\t\t\t\t\t\t\t\t\t\t\t\t\n\t\t\t\t\t\t\t\t<\/div>\n\t\t\t\t\t\t\t\t\n\t\t\t\t\t\t\t\t<header>\n\t\t\t\t\t\t\t\t\t\t\t\t\t\t\t\t\t\t<h4 class=\"heading-title entry-title\">\n\t\t\t\t\t\t\t\t\t\t<a class=\"post-title\" href=\"https:\/\/rent4event.si\/en\/fis-svetovno-prvenstvo-v-nordijskem-smucanju\/\">FIS svetovno prvenstvo v nordijskem smu\u010danju 2024<\/a>\n\t\t\t\t\t\t\t\t\t<\/h4>\n\t\t\t\t\t\t\t\t\t\t\t\t\t\t\t\t\t<\/header>\n\t\t\t\t\t\t\t\t\n\t\t\t\t\t\t\t\t\t\t\t\t\t\t\t\t<div class=\"excerpt\">Toplina in udobje v ekskluzivnem prostoru Za finale svetovnega prvenstva v smu\u010darskih skokih v Planici 2024 smo v VIP prostorih poustvarili doma\u010dnost in toplino, kakr\u0161ne smo vajeni v alpskih ko\u010dah.&hellip; Preberi ve\u010d<\/div>\n\t\t\t\t\t\t\t\t\n\t\t\t\t\t\t\t\t\t\t\t\t\t\t\t\t<div class=\"entry-meta-bottom\">\n\t\t\t\t\t\t\t\t\t<a class=\"button-readmore\" href=\"https:\/\/rent4event.si\/en\/fis-svetovno-prvenstvo-v-nordijskem-smucanju\/\">Read more<\/a>\n\t\t\t\t\t\t\t\t<\/div>\n\t\t\t\t\t\t\t\t\t\t\t\t\t\t\t<\/div>\n\t\t\t\t\t\t\t\n\t\t\t\t\t\t<\/div>\n\t\t\t\t\t\t\t\n\t\t\t\t\t\t\t\t\t\t<\/article>\n\t\t\t\t\t\t\t\t<article class=\"item has-post-thumbnail\">\n\t\t\t\t\t\n\t\t\t\t\t\t\t\t\t\t\t<div class=\"article-content\">\n\t\t\t\t\t\t\t<div class=\"thumbnail-content\">\n\t\t\t\t\t\t\t\t\t\t\t\t\t\t\t\t\t\t<a class=\"thumbnail\" href=\"https:\/\/rent4event.si\/en\/korporativni-dogodek-novoletna-zabava-3\/\" >\n\t\t\t\t\t\t\t\t\t\t\t<figure>\n\t\t\t\t\t\t\t\t\t\t\t<img loading=\"lazy\" decoding=\"async\" width=\"1174\" height=\"862\" src=\"https:\/\/rent4event.si\/wp-content\/uploads\/2024\/03\/PETROL1l-min-1174x862.jpg\" class=\"attachment-nooni_blog_thumb size-nooni_blog_thumb wp-post-image\" alt=\"\" srcset=\"https:\/\/rent4event.si\/wp-content\/uploads\/2024\/03\/PETROL1l-min-1174x862.jpg 1174w, https:\/\/rent4event.si\/wp-content\/uploads\/2024\/03\/PETROL1l-min-18x12.jpg 18w\" sizes=\"(max-width: 1174px) 100vw, 1174px\" \/>\t\t\t\t\t\t\t\t\t\t\t<\/figure>\n\t\t\t\t\t\t\t\t\t\t<\/a>\n\t\t\t\t\t\t\t\t\t\t\t\t\t\t\t\t<\/div>\n\t\t\t\t\t\t\t\n\t\t\t\t\t\t\t<div class=\"entry-content\">\n\t\t\t\t\t\t\t\t<div class=\"entry-meta-top\">\n\t\t\t\t\t\t\t\n\t\t\t\t\t\t\t\t\t\t\t\t\t\t\t\t\t\n\t\t\t\t\t\t\t\t\t\t\t\t\t\t\t\t\t\t\n\t\t\t\t\t\t\t\t\t\t\t\t\t\t\t\t\t\t\n\t\t\t\t\t\t\t\t\t\t\t\t\t\t\t\t\t\t\n\t\t\t\t\t\t\t\t<\/div>\n\t\t\t\t\t\t\t\t\n\t\t\t\t\t\t\t\t<header>\n\t\t\t\t\t\t\t\t\t\t\t\t\t\t\t\t\t\t<h4 class=\"heading-title entry-title\">\n\t\t\t\t\t\t\t\t\t\t<a class=\"post-title\" href=\"https:\/\/rent4event.si\/en\/korporativni-dogodek-novoletna-zabava-3\/\">Korporativni dogodek &#8211; NOVOLETNA ZABAVA<\/a>\n\t\t\t\t\t\t\t\t\t<\/h4>\n\t\t\t\t\t\t\t\t\t\t\t\t\t\t\t\t\t<\/header>\n\t\t\t\t\t\t\t\t\n\t\t\t\t\t\t\t\t\t\t\t\t\t\t\t\t<div class=\"excerpt\">Zaklju\u010dek leta v slogu Pri pripravi korporativnega dogodka za podjetje z velikim \u0161tevilom zaposlenih je potrebno paziti, da ne dose\u017eemo u\u010dinka mno\u017ei\u010dne jedilnice. Za novoletno zabavo multinacionalke smo s prilagojenimi&hellip; Preberi ve\u010d<\/div>\n\t\t\t\t\t\t\t\t\n\t\t\t\t\t\t\t\t\t\t\t\t\t\t\t\t<div class=\"entry-meta-bottom\">\n\t\t\t\t\t\t\t\t\t<a class=\"button-readmore\" href=\"https:\/\/rent4event.si\/en\/korporativni-dogodek-novoletna-zabava-3\/\">Read more<\/a>\n\t\t\t\t\t\t\t\t<\/div>\n\t\t\t\t\t\t\t\t\t\t\t\t\t\t\t<\/div>\n\t\t\t\t\t\t\t\n\t\t\t\t\t\t<\/div>\n\t\t\t\t\t\t\t\n\t\t\t\t\t\t\t\t\t\t<\/article>\n\t\t\t\t\t\t\t\t<article class=\"item has-post-thumbnail\">\n\t\t\t\t\t\n\t\t\t\t\t\t\t\t\t\t\t<div class=\"article-content\">\n\t\t\t\t\t\t\t<div class=\"thumbnail-content\">\n\t\t\t\t\t\t\t\t\t\t\t\t\t\t\t\t\t\t<a class=\"thumbnail\" href=\"https:\/\/rent4event.si\/en\/predstavitev-novega-avtomobila\/\" >\n\t\t\t\t\t\t\t\t\t\t\t<figure>\n\t\t\t\t\t\t\t\t\t\t\t<img loading=\"lazy\" decoding=\"async\" width=\"1174\" height=\"862\" src=\"https:\/\/rent4event.si\/wp-content\/uploads\/2024\/03\/BMW1g-min-1174x862.jpg\" class=\"attachment-nooni_blog_thumb size-nooni_blog_thumb wp-post-image\" alt=\"\" srcset=\"https:\/\/rent4event.si\/wp-content\/uploads\/2024\/03\/BMW1g-min-1174x862.jpg 1174w, https:\/\/rent4event.si\/wp-content\/uploads\/2024\/03\/BMW1g-min-18x12.jpg 18w\" sizes=\"(max-width: 1174px) 100vw, 1174px\" \/>\t\t\t\t\t\t\t\t\t\t\t<\/figure>\n\t\t\t\t\t\t\t\t\t\t<\/a>\n\t\t\t\t\t\t\t\t\t\t\t\t\t\t\t\t<\/div>\n\t\t\t\t\t\t\t\n\t\t\t\t\t\t\t<div class=\"entry-content\">\n\t\t\t\t\t\t\t\t<div class=\"entry-meta-top\">\n\t\t\t\t\t\t\t\n\t\t\t\t\t\t\t\t\t\t\t\t\t\t\t\t\t\n\t\t\t\t\t\t\t\t\t\t\t\t\t\t\t\t\t\t\n\t\t\t\t\t\t\t\t\t\t\t\t\t\t\t\t\t\t\n\t\t\t\t\t\t\t\t\t\t\t\t\t\t\t\t\t\t\n\t\t\t\t\t\t\t\t<\/div>\n\t\t\t\t\t\t\t\t\n\t\t\t\t\t\t\t\t<header>\n\t\t\t\t\t\t\t\t\t\t\t\t\t\t\t\t\t\t<h4 class=\"heading-title entry-title\">\n\t\t\t\t\t\t\t\t\t\t<a class=\"post-title\" href=\"https:\/\/rent4event.si\/en\/predstavitev-novega-avtomobila\/\">Predstavitev novega avtomobila<\/a>\n\t\t\t\t\t\t\t\t\t<\/h4>\n\t\t\t\t\t\t\t\t\t\t\t\t\t\t\t\t\t<\/header>\n\t\t\t\t\t\t\t\t\n\t\t\t\t\t\t\t\t\t\t\t\t\t\t\t\t<div class=\"excerpt\">Poslovni dogodek v objemu poklju\u0161kih gozdov Pri organizaciji predstavitve novega avtomobila smo za na\u0161ega naro\u010dnika pripravili notranji in zunanji prostor za sprejem gostov. V notranjosti smo se odlo\u010dili za minimalisti\u010den&hellip; Preberi ve\u010d<\/div>\n\t\t\t\t\t\t\t\t\n\t\t\t\t\t\t\t\t\t\t\t\t\t\t\t\t<div class=\"entry-meta-bottom\">\n\t\t\t\t\t\t\t\t\t<a class=\"button-readmore\" href=\"https:\/\/rent4event.si\/en\/predstavitev-novega-avtomobila\/\">Read more<\/a>\n\t\t\t\t\t\t\t\t<\/div>\n\t\t\t\t\t\t\t\t\t\t\t\t\t\t\t<\/div>\n\t\t\t\t\t\t\t\n\t\t\t\t\t\t<\/div>\n\t\t\t\t\t\t\t\n\t\t\t\t\t\t\t\t\t\t<\/article>\n\t\t\t\t\t\t\t\t<article class=\"item has-post-thumbnail\">\n\t\t\t\t\t\n\t\t\t\t\t\t\t\t\t\t\t<div class=\"article-content\">\n\t\t\t\t\t\t\t<div class=\"thumbnail-content\">\n\t\t\t\t\t\t\t\t\t\t\t\t\t\t\t\t\t\t<a class=\"thumbnail\" href=\"https:\/\/rent4event.si\/en\/otvoritev-poslovnih-prostorov\/\" >\n\t\t\t\t\t\t\t\t\t\t\t<figure>\n\t\t\t\t\t\t\t\t\t\t\t<img loading=\"lazy\" decoding=\"async\" width=\"1174\" height=\"862\" src=\"https:\/\/rent4event.si\/wp-content\/uploads\/2024\/03\/AMK1e-min-1174x862.jpg\" class=\"attachment-nooni_blog_thumb size-nooni_blog_thumb wp-post-image\" alt=\"\" srcset=\"https:\/\/rent4event.si\/wp-content\/uploads\/2024\/03\/AMK1e-min-1174x862.jpg 1174w, https:\/\/rent4event.si\/wp-content\/uploads\/2024\/03\/AMK1e-min-18x12.jpg 18w\" sizes=\"(max-width: 1174px) 100vw, 1174px\" \/>\t\t\t\t\t\t\t\t\t\t\t<\/figure>\n\t\t\t\t\t\t\t\t\t\t<\/a>\n\t\t\t\t\t\t\t\t\t\t\t\t\t\t\t\t<\/div>\n\t\t\t\t\t\t\t\n\t\t\t\t\t\t\t<div class=\"entry-content\">\n\t\t\t\t\t\t\t\t<div class=\"entry-meta-top\">\n\t\t\t\t\t\t\t\n\t\t\t\t\t\t\t\t\t\t\t\t\t\t\t\t\t\n\t\t\t\t\t\t\t\t\t\t\t\t\t\t\t\t\t\t\n\t\t\t\t\t\t\t\t\t\t\t\t\t\t\t\t\t\t\n\t\t\t\t\t\t\t\t\t\t\t\t\t\t\t\t\t\t\n\t\t\t\t\t\t\t\t<\/div>\n\t\t\t\t\t\t\t\t\n\t\t\t\t\t\t\t\t<header>\n\t\t\t\t\t\t\t\t\t\t\t\t\t\t\t\t\t\t<h4 class=\"heading-title entry-title\">\n\t\t\t\t\t\t\t\t\t\t<a class=\"post-title\" href=\"https:\/\/rent4event.si\/en\/otvoritev-poslovnih-prostorov\/\">Otvoritev poslovnih prostorov<\/a>\n\t\t\t\t\t\t\t\t\t<\/h4>\n\t\t\t\t\t\t\t\t\t\t\t\t\t\t\t\t\t<\/header>\n\t\t\t\t\t\t\t\t\n\t\t\t\t\t\t\t\t\t\t\t\t\t\t\t\t<div class=\"excerpt\">Ko delavnica postane prizori\u0161\u010de dogodka V preteklosti smo se \u017ee nekajkrat lotili preureditve industrijskega prostora v prostor za korporativni dogodek. Tudi tokrat smo objekt, ki ima v osnovi funkcijo delavnice,&hellip; Preberi ve\u010d<\/div>\n\t\t\t\t\t\t\t\t\n\t\t\t\t\t\t\t\t\t\t\t\t\t\t\t\t<div class=\"entry-meta-bottom\">\n\t\t\t\t\t\t\t\t\t<a class=\"button-readmore\" href=\"https:\/\/rent4event.si\/en\/otvoritev-poslovnih-prostorov\/\">Read more<\/a>\n\t\t\t\t\t\t\t\t<\/div>\n\t\t\t\t\t\t\t\t\t\t\t\t\t\t\t<\/div>\n\t\t\t\t\t\t\t\n\t\t\t\t\t\t<\/div>\n\t\t\t\t\t\t\t\n\t\t\t\t\t\t\t\t\t\t<\/article>\n\t\t\t\t\t\t\t\t<article class=\"item has-post-thumbnail\">\n\t\t\t\t\t\n\t\t\t\t\t\t\t\t\t\t\t<div class=\"article-content\">\n\t\t\t\t\t\t\t<div class=\"thumbnail-content\">\n\t\t\t\t\t\t\t\t\t\t\t\t\t\t\t\t\t\t<a class=\"thumbnail\" href=\"https:\/\/rent4event.si\/en\/fis-svetovno-prvenstvo-v-nordijskem-smucanju-2\/\" >\n\t\t\t\t\t\t\t\t\t\t\t<figure>\n\t\t\t\t\t\t\t\t\t\t\t<img loading=\"lazy\" decoding=\"async\" width=\"1174\" height=\"862\" src=\"https:\/\/rent4event.si\/wp-content\/uploads\/2024\/03\/PLANICA1f-min-1174x862.jpg\" class=\"attachment-nooni_blog_thumb size-nooni_blog_thumb wp-post-image\" alt=\"\" srcset=\"https:\/\/rent4event.si\/wp-content\/uploads\/2024\/03\/PLANICA1f-min-1174x862.jpg 1174w, https:\/\/rent4event.si\/wp-content\/uploads\/2024\/03\/PLANICA1f-min-18x12.jpg 18w\" sizes=\"(max-width: 1174px) 100vw, 1174px\" \/>\t\t\t\t\t\t\t\t\t\t\t<\/figure>\n\t\t\t\t\t\t\t\t\t\t<\/a>\n\t\t\t\t\t\t\t\t\t\t\t\t\t\t\t\t<\/div>\n\t\t\t\t\t\t\t\n\t\t\t\t\t\t\t<div class=\"entry-content\">\n\t\t\t\t\t\t\t\t<div class=\"entry-meta-top\">\n\t\t\t\t\t\t\t\n\t\t\t\t\t\t\t\t\t\t\t\t\t\t\t\t\t\n\t\t\t\t\t\t\t\t\t\t\t\t\t\t\t\t\t\t\n\t\t\t\t\t\t\t\t\t\t\t\t\t\t\t\t\t\t\n\t\t\t\t\t\t\t\t\t\t\t\t\t\t\t\t\t\t\n\t\t\t\t\t\t\t\t<\/div>\n\t\t\t\t\t\t\t\t\n\t\t\t\t\t\t\t\t<header>\n\t\t\t\t\t\t\t\t\t\t\t\t\t\t\t\t\t\t<h4 class=\"heading-title entry-title\">\n\t\t\t\t\t\t\t\t\t\t<a class=\"post-title\" href=\"https:\/\/rent4event.si\/en\/fis-svetovno-prvenstvo-v-nordijskem-smucanju-2\/\">FIS svetovno prvenstvo v nordijskem smu\u010danju 2023<\/a>\n\t\t\t\t\t\t\t\t\t<\/h4>\n\t\t\t\t\t\t\t\t\t\t\t\t\t\t\t\t\t<\/header>\n\t\t\t\t\t\t\t\t\n\t\t\t\t\t\t\t\t\t\t\t\t\t\t\t\t<div class=\"excerpt\">Kjer se sre\u010dajo \u0161port, narava in eleganca Na svetovnem prvenstvu v nordijskem smu\u010danju v Planici smo poskrbeli za brezhibno izvedeno postavitev nekaterih prostorov. Od prostorov za tekmovalce, preko sprejemnih prostorov,&hellip; Preberi ve\u010d<\/div>\n\t\t\t\t\t\t\t\t\n\t\t\t\t\t\t\t\t\t\t\t\t\t\t\t\t<div class=\"entry-meta-bottom\">\n\t\t\t\t\t\t\t\t\t<a class=\"button-readmore\" href=\"https:\/\/rent4event.si\/en\/fis-svetovno-prvenstvo-v-nordijskem-smucanju-2\/\">Read more<\/a>\n\t\t\t\t\t\t\t\t<\/div>\n\t\t\t\t\t\t\t\t\t\t\t\t\t\t\t<\/div>\n\t\t\t\t\t\t\t\n\t\t\t\t\t\t<\/div>\n\t\t\t\t\t\t\t\n\t\t\t\t\t\t\t\t\t\t<\/article>\n\t\t\t\t\t\t\t\t<article class=\"item has-post-thumbnail\">\n\t\t\t\t\t\n\t\t\t\t\t\t\t\t\t\t\t<div class=\"article-content\">\n\t\t\t\t\t\t\t<div class=\"thumbnail-content\">\n\t\t\t\t\t\t\t\t\t\t\t\t\t\t\t\t\t\t<a class=\"thumbnail\" href=\"https:\/\/rent4event.si\/en\/luka-2-bled-fun-zone\/\" >\n\t\t\t\t\t\t\t\t\t\t\t<figure>\n\t\t\t\t\t\t\t\t\t\t\t<img loading=\"lazy\" decoding=\"async\" width=\"1174\" height=\"862\" src=\"https:\/\/rent4event.si\/wp-content\/uploads\/2024\/03\/20230915_142559-1174x862.jpg\" class=\"attachment-nooni_blog_thumb size-nooni_blog_thumb wp-post-image\" alt=\"\" \/>\t\t\t\t\t\t\t\t\t\t\t<\/figure>\n\t\t\t\t\t\t\t\t\t\t<\/a>\n\t\t\t\t\t\t\t\t\t\t\t\t\t\t\t\t<\/div>\n\t\t\t\t\t\t\t\n\t\t\t\t\t\t\t<div class=\"entry-content\">\n\t\t\t\t\t\t\t\t<div class=\"entry-meta-top\">\n\t\t\t\t\t\t\t\n\t\t\t\t\t\t\t\t\t\t\t\t\t\t\t\t\t\n\t\t\t\t\t\t\t\t\t\t\t\t\t\t\t\t\t\t\n\t\t\t\t\t\t\t\t\t\t\t\t\t\t\t\t\t\t\n\t\t\t\t\t\t\t\t\t\t\t\t\t\t\t\t\t\t\n\t\t\t\t\t\t\t\t<\/div>\n\t\t\t\t\t\t\t\t\n\t\t\t\t\t\t\t\t<header>\n\t\t\t\t\t\t\t\t\t\t\t\t\t\t\t\t\t\t<h4 class=\"heading-title entry-title\">\n\t\t\t\t\t\t\t\t\t\t<a class=\"post-title\" href=\"https:\/\/rent4event.si\/en\/luka-2-bled-fun-zone\/\">Luka 2 Bled &#8211; Fun zone<\/a>\n\t\t\t\t\t\t\t\t\t<\/h4>\n\t\t\t\t\t\t\t\t\t\t\t\t\t\t\t\t\t<\/header>\n\t\t\t\t\t\t\t\t\n\t\t\t\t\t\t\t\t\t\t\t\t\t\t\t\t<div class=\"excerpt\">Gorenjski biser kulisa svetovnega spektakla Za na\u0161ega naro\u010dnika smo postavili in opremili \u00bbfun cono\u00ab na svetovno znanem spektaklu ob promociji \u0161portnih \u010devljev na\u0161ega priznanega ko\u0161arkarja na Blejskem jezeru. Ustvarili smo&hellip; Preberi ve\u010d<\/div>\n\t\t\t\t\t\t\t\t\n\t\t\t\t\t\t\t\t\t\t\t\t\t\t\t\t<div class=\"entry-meta-bottom\">\n\t\t\t\t\t\t\t\t\t<a class=\"button-readmore\" href=\"https:\/\/rent4event.si\/en\/luka-2-bled-fun-zone\/\">Read more<\/a>\n\t\t\t\t\t\t\t\t<\/div>\n\t\t\t\t\t\t\t\t\t\t\t\t\t\t\t<\/div>\n\t\t\t\t\t\t\t\n\t\t\t\t\t\t<\/div>\n\t\t\t\t\t\t\t\n\t\t\t\t\t\t\t\t\t\t<\/article>\n\t\t\t\t\t\t\t\t<article class=\"item has-post-thumbnail\">\n\t\t\t\t\t\n\t\t\t\t\t\t\t\t\t\t\t<div class=\"article-content\">\n\t\t\t\t\t\t\t<div class=\"thumbnail-content\">\n\t\t\t\t\t\t\t\t\t\t\t\t\t\t\t\t\t\t<a class=\"thumbnail\" href=\"https:\/\/rent4event.si\/en\/privatna-piknik-zabava\/\" >\n\t\t\t\t\t\t\t\t\t\t\t<figure>\n\t\t\t\t\t\t\t\t\t\t\t<img loading=\"lazy\" decoding=\"async\" width=\"1174\" height=\"862\" src=\"https:\/\/rent4event.si\/wp-content\/uploads\/2024\/02\/piknik1d-min-1174x862.jpg\" class=\"attachment-nooni_blog_thumb size-nooni_blog_thumb wp-post-image\" alt=\"\" srcset=\"https:\/\/rent4event.si\/wp-content\/uploads\/2024\/02\/piknik1d-min-1174x862.jpg 1174w, https:\/\/rent4event.si\/wp-content\/uploads\/2024\/02\/piknik1d-min-18x12.jpg 18w\" sizes=\"(max-width: 1174px) 100vw, 1174px\" \/>\t\t\t\t\t\t\t\t\t\t\t<\/figure>\n\t\t\t\t\t\t\t\t\t\t<\/a>\n\t\t\t\t\t\t\t\t\t\t\t\t\t\t\t\t<\/div>\n\t\t\t\t\t\t\t\n\t\t\t\t\t\t\t<div class=\"entry-content\">\n\t\t\t\t\t\t\t\t<div class=\"entry-meta-top\">\n\t\t\t\t\t\t\t\n\t\t\t\t\t\t\t\t\t\t\t\t\t\t\t\t\t\n\t\t\t\t\t\t\t\t\t\t\t\t\t\t\t\t\t\t\n\t\t\t\t\t\t\t\t\t\t\t\t\t\t\t\t\t\t\n\t\t\t\t\t\t\t\t\t\t\t\t\t\t\t\t\t\t\n\t\t\t\t\t\t\t\t<\/div>\n\t\t\t\t\t\t\t\t\n\t\t\t\t\t\t\t\t<header>\n\t\t\t\t\t\t\t\t\t\t\t\t\t\t\t\t\t\t<h4 class=\"heading-title entry-title\">\n\t\t\t\t\t\t\t\t\t\t<a class=\"post-title\" href=\"https:\/\/rent4event.si\/en\/privatna-piknik-zabava\/\">Zasebna zabava<\/a>\n\t\t\t\t\t\t\t\t\t<\/h4>\n\t\t\t\t\t\t\t\t\t\t\t\t\t\t\t\t\t<\/header>\n\t\t\t\t\t\t\t\t\n\t\t\t\t\t\t\t\t\t\t\t\t\t\t\t\t<div class=\"excerpt\">Prijetno vzdu\u0161je na doma\u010dem vrtu Kje se po\u010dutite bolj spro\u0161\u010deno kot doma? Za naro\u010dnika smo na zasebnem vrtu ustvarili prijetno zabavo za zaklju\u010deno dru\u017ebo. \u017de tako \u010dudovit vrt smo okrasili&hellip; Preberi ve\u010d<\/div>\n\t\t\t\t\t\t\t\t\n\t\t\t\t\t\t\t\t\t\t\t\t\t\t\t\t<div class=\"entry-meta-bottom\">\n\t\t\t\t\t\t\t\t\t<a class=\"button-readmore\" href=\"https:\/\/rent4event.si\/en\/privatna-piknik-zabava\/\">Read more<\/a>\n\t\t\t\t\t\t\t\t<\/div>\n\t\t\t\t\t\t\t\t\t\t\t\t\t\t\t<\/div>\n\t\t\t\t\t\t\t\n\t\t\t\t\t\t<\/div>\n\t\t\t\t\t\t\t\n\t\t\t\t\t\t\t\t\t\t<\/article>\n\t\t\t\t\t\t\t\t<article class=\"item has-post-thumbnail\">\n\t\t\t\t\t\n\t\t\t\t\t\t\t\t\t\t\t<div class=\"article-content\">\n\t\t\t\t\t\t\t<div class=\"thumbnail-content\">\n\t\t\t\t\t\t\t\t\t\t\t\t\t\t\t\t\t\t<a class=\"thumbnail\" href=\"https:\/\/rent4event.si\/en\/8992-2\/\" >\n\t\t\t\t\t\t\t\t\t\t\t<figure>\n\t\t\t\t\t\t\t\t\t\t\t<img loading=\"lazy\" decoding=\"async\" width=\"1174\" height=\"862\" src=\"https:\/\/rent4event.si\/wp-content\/uploads\/2024\/02\/PORSCHE1d-min-1174x862.jpg\" class=\"attachment-nooni_blog_thumb size-nooni_blog_thumb wp-post-image\" alt=\"\" srcset=\"https:\/\/rent4event.si\/wp-content\/uploads\/2024\/02\/PORSCHE1d-min-1174x862.jpg 1174w, https:\/\/rent4event.si\/wp-content\/uploads\/2024\/02\/PORSCHE1d-min-18x12.jpg 18w\" sizes=\"(max-width: 1174px) 100vw, 1174px\" \/>\t\t\t\t\t\t\t\t\t\t\t<\/figure>\n\t\t\t\t\t\t\t\t\t\t<\/a>\n\t\t\t\t\t\t\t\t\t\t\t\t\t\t\t\t<\/div>\n\t\t\t\t\t\t\t\n\t\t\t\t\t\t\t<div class=\"entry-content\">\n\t\t\t\t\t\t\t\t<div class=\"entry-meta-top\">\n\t\t\t\t\t\t\t\n\t\t\t\t\t\t\t\t\t\t\t\t\t\t\t\t\t\n\t\t\t\t\t\t\t\t\t\t\t\t\t\t\t\t\t\t\n\t\t\t\t\t\t\t\t\t\t\t\t\t\t\t\t\t\t\n\t\t\t\t\t\t\t\t\t\t\t\t\t\t\t\t\t\t\n\t\t\t\t\t\t\t\t<\/div>\n\t\t\t\t\t\t\t\t\n\t\t\t\t\t\t\t\t<header>\n\t\t\t\t\t\t\t\t\t\t\t\t\t\t\t\t\t\t<h4 class=\"heading-title entry-title\">\n\t\t\t\t\t\t\t\t\t\t<a class=\"post-title\" href=\"https:\/\/rent4event.si\/en\/8992-2\/\">Korporativni dogodek &#8211; OBLETNICA<\/a>\n\t\t\t\t\t\t\t\t\t<\/h4>\n\t\t\t\t\t\t\t\t\t\t\t\t\t\t\t\t\t<\/header>\n\t\t\t\t\t\t\t\t\n\t\t\t\t\t\t\t\t\t\t\t\t\t\t\t\t<div class=\"excerpt\">Gala dogodek ob obletnici Za naro\u010dnika, ugledno multinacionalko, smo pripravili prostor ob 75. obletnici delovanja podjetja. Na dogodku s 600 obiskovalci smo zasnovali visoka sedi\u0161\u010da v minimalisti\u010dnem belo-\u010drnem stilu. Ambient&hellip; Preberi ve\u010d<\/div>\n\t\t\t\t\t\t\t\t\n\t\t\t\t\t\t\t\t\t\t\t\t\t\t\t\t<div class=\"entry-meta-bottom\">\n\t\t\t\t\t\t\t\t\t<a class=\"button-readmore\" href=\"https:\/\/rent4event.si\/en\/8992-2\/\">Read more<\/a>\n\t\t\t\t\t\t\t\t<\/div>\n\t\t\t\t\t\t\t\t\t\t\t\t\t\t\t<\/div>\n\t\t\t\t\t\t\t\n\t\t\t\t\t\t<\/div>\n\t\t\t\t\t\t\t\n\t\t\t\t\t\t\t\t\t\t<\/article>\n\t\t\t\t\t\t\t\t\t<\/div>\n\t\t\t\t\t\t\t\t\t<\/div>\n\t\t\t<\/div>\n\t\t\t\t\t\t<\/div>\n\t\t\t\t<\/div>\n\t\t\t\t\t<\/div>\n\t\t\t\t<\/div>\n\t\t\t\t<\/div>","protected":false},"excerpt":{"rendered":"<p>FIS svetovno prvenstvo v nordijskem smu\u010danju 2024 Toplina in udobje v ekskluzivnem prostoru Za finale svetovnega prvenstva v smu\u010darskih skokih v Planici 2024 smo v VIP prostorih poustvarili doma\u010dnost in&hellip; <a class=\"read-more-link\" href=\"https:\/\/rent4event.si\/en\/8992-2\/\">Preberi ve\u010d<\/a><\/p>","protected":false},"author":1,"featured_media":0,"parent":0,"menu_order":0,"comment_status":"closed","ping_status":"closed","template":"","meta":{"_monsterinsights_skip_tracking":false,"_monsterinsights_sitenote_active":false,"_monsterinsights_sitenote_note":"","_monsterinsights_sitenote_category":0,"footnotes":""},"class_list":["post-6497","page","type-page","status-publish","hentry"],"_links":{"self":[{"href":"https:\/\/rent4event.si\/en\/wp-json\/wp\/v2\/pages\/6497","targetHints":{"allow":["GET"]}}],"collection":[{"href":"https:\/\/rent4event.si\/en\/wp-json\/wp\/v2\/pages"}],"about":[{"href":"https:\/\/rent4event.si\/en\/wp-json\/wp\/v2\/types\/page"}],"author":[{"embeddable":true,"href":"https:\/\/rent4event.si\/en\/wp-json\/wp\/v2\/users\/1"}],"replies":[{"embeddable":true,"href":"https:\/\/rent4event.si\/en\/wp-json\/wp\/v2\/comments?post=6497"}],"version-history":[{"count":34,"href":"https:\/\/rent4event.si\/en\/wp-json\/wp\/v2\/pages\/6497\/revisions"}],"predecessor-version":[{"id":10240,"href":"https:\/\/rent4event.si\/en\/wp-json\/wp\/v2\/pages\/6497\/revisions\/10240"}],"wp:attachment":[{"href":"https:\/\/rent4event.si\/en\/wp-json\/wp\/v2\/media?parent=6497"}],"curies":[{"name":"wp","href":"https:\/\/api.w.org\/{rel}","templated":true}]}}